{"id":11,"date":"2020-04-19T12:41:00","date_gmt":"2020-04-19T10:41:00","guid":{"rendered":"http:\/\/www.seepferde-unna.de\/?page_id=11"},"modified":"2026-02-15T12:43:07","modified_gmt":"2026-02-15T11:43:07","slug":"downloads","status":"publish","type":"page","link":"https:\/\/www.seepferde-unna.de\/index.php\/downloads\/","title":{"rendered":"Downloads"},"content":{"rendered":"<p><strong><img loading=\"lazy\" decoding=\"async\" class=\"alignright size-medium wp-image-397\" src=\"https:\/\/www.seepferde-unna.de\/wp-content\/uploads\/2016\/08\/115_klein-300x200.jpg\" alt=\"\" width=\"300\" height=\"200\" data-temp-aztec-id=\"c4f34861-268f-4484-8ad0-9d9b560d70b0\" srcset=\"https:\/\/www.seepferde-unna.de\/wp-content\/uploads\/2016\/08\/115_klein-300x200.jpg 300w, https:\/\/www.seepferde-unna.de\/wp-content\/uploads\/2016\/08\/115_klein-768x512.jpg 768w, https:\/\/www.seepferde-unna.de\/wp-content\/uploads\/2016\/08\/115_klein-600x400.jpg 600w, https:\/\/www.seepferde-unna.de\/wp-content\/uploads\/2016\/08\/115_klein-820x547.jpg 820w, https:\/\/www.seepferde-unna.de\/wp-content\/uploads\/2016\/08\/115_klein.jpg 1000w\" sizes=\"auto, (max-width: 300px) 100vw, 300px\" \/><\/strong><\/p>\n<p><strong>Vereinsintern<\/strong><\/p>\n<p><a href=\"https:\/\/www.seepferde-unna.de\/wp-content\/uploads\/2025\/02\/Seepferde-Satzung-2024.pdf\">Seepferde Satzung 2024<\/a><\/p>\n<p><a href=\"https:\/\/www.seepferde-unna.de\/wp-content\/uploads\/2019\/10\/Geschaeftsordnung_03_2015.pdf\" target=\"_blank\" rel=\"noopener noreferrer\">Gesch\u00e4ftsordnung 2015<\/a><\/p>\n<p><a href=\"https:\/\/www.seepferde-unna.de\/wp-content\/uploads\/2025\/02\/Aufnahmeantrag_2025.pdf\" target=\"_blank\" rel=\"noopener noreferrer\">Aufnahmeantrag<\/a><\/p>\n<p><a href=\"https:\/\/www.seepferde-unna.de\/wp-content\/uploads\/2026\/02\/Beitragsordnung_2026.pdf\" target=\"_blank\" rel=\"noopener noreferrer\">Beitragsordnung 2026<\/a><\/p>\n<p><a href=\"https:\/\/www.seepferde-unna.de\/wp-content\/uploads\/2018\/03\/Ehrenordnung_2018.pdf\">Ehrenordnung<\/a><\/p>\n<p><a href=\"\/\/www.seepferde-unna.de\/wp-content\/uploads\/2020\/08\/Verleihbedingungen-200801.pdf\" target=\"_blank\" rel=\"noopener noreferrer\">Verleihbedingungen<\/a><\/p>\n<p><a href=\"https:\/\/www.seepferde-unna.de\/wp-content\/uploads\/2024\/02\/Fuellanweisung-Kompressor-Verticus-Super-Silent-V15.1-11-5_2024.02.16.pdf\" target=\"_blank\" rel=\"noopener noreferrer\">F\u00fcllanweisung Kompressor<\/a><\/p>\n<p><a href=\"https:\/\/www.seepferde-unna.de\/wp-content\/uploads\/2016\/08\/Ausbildungs_und_Badordnung.pdf\" target=\"_blank\" rel=\"noopener noreferrer\">Ausbildungs- und Badordnung<\/a><\/p>\n<p><a href=\"https:\/\/www.seepferde-unna.de\/wp-content\/uploads\/2021\/10\/Einverstaendniserklaerung-1.pdf\">Einverst\u00e4ndniserkl\u00e4rung Jugendfahrt<\/a><\/p>\n<hr \/>\n<p><strong>Ausbildung<\/strong><\/p>\n<p><a href=\"https:\/\/www.seepferde-unna.de\/wp-content\/uploads\/2019\/06\/Anmeldung-Ausbildungsmodul-Aufbaukurs-Spezialkurs-2019-02-21.pdf\">Formular Anmeldung Tauchausbildung<\/a><\/p>\n<p><a href=\"https:\/\/www.seepferde-unna.de\/wp-content\/uploads\/2016\/08\/Tauglichkeits-Untersuchung_VDST.pdf\">Formular Tauglichkeitsuntersuchung<\/a><\/p>\n<p><a href=\"https:\/\/www.seepferde-unna.de\/wp-content\/uploads\/2016\/08\/Erklaerung_zum_Gesundheitszustand_VDST.pdf\" target=\"_blank\" rel=\"noopener noreferrer\">Formular Erkl\u00e4rung zum Gesundheitszustand<\/a><\/p>\n<hr \/>\n<p><strong>Ausschreibungen<\/strong><\/p>\n<p>Ausschreibungen f\u00fcr Fahrten\/Ausfl\u00fcge findet ihr unter Vereinsveranstaltungen bei den jeweiligen Veranstaltungen<\/p>\n<hr \/>\n","protected":false},"excerpt":{"rendered":"<p>Vereinsintern Seepferde Satzung 2024 Gesch\u00e4ftsordnung 2015 Aufnahmeantrag Beitragsordnung 2026 Ehrenordnung Verleihbedingungen F\u00fcllanweisung Kompressor Ausbildungs- und Badordnung Einverst\u00e4ndniserkl\u00e4rung Jugendfahrt Ausbildung Formular [&hellip;]<\/p>\n","protected":false},"author":1,"featured_media":0,"parent":0,"menu_order":6,"comment_status":"closed","ping_status":"closed","template":"","meta":{"footnotes":""},"class_list":["post-11","page","type-page","status-publish","hentry"],"_links":{"self":[{"href":"https:\/\/www.seepferde-unna.de\/index.php\/wp-json\/wp\/v2\/pages\/11","targetHints":{"allow":["GET"]}}],"collection":[{"href":"https:\/\/www.seepferde-unna.de\/index.php\/wp-json\/wp\/v2\/pages"}],"about":[{"href":"https:\/\/www.seepferde-unna.de\/index.php\/wp-json\/wp\/v2\/types\/page"}],"author":[{"embeddable":true,"href":"https:\/\/www.seepferde-unna.de\/index.php\/wp-json\/wp\/v2\/users\/1"}],"replies":[{"embeddable":true,"href":"https:\/\/www.seepferde-unna.de\/index.php\/wp-json\/wp\/v2\/comments?post=11"}],"version-history":[{"count":66,"href":"https:\/\/www.seepferde-unna.de\/index.php\/wp-json\/wp\/v2\/pages\/11\/revisions"}],"predecessor-version":[{"id":3989,"href":"https:\/\/www.seepferde-unna.de\/index.php\/wp-json\/wp\/v2\/pages\/11\/revisions\/3989"}],"wp:attachment":[{"href":"https:\/\/www.seepferde-unna.de\/index.php\/wp-json\/wp\/v2\/media?parent=11"}],"curies":[{"name":"wp","href":"https:\/\/api.w.org\/{rel}","templated":true}]}}