{"id":17,"date":"2016-08-10T22:45:17","date_gmt":"2016-08-10T20:45:17","guid":{"rendered":"http:\/\/www.seepferde-unna.de\/?page_id=17"},"modified":"2017-02-26T19:52:56","modified_gmt":"2017-02-26T18:52:56","slug":"mitglied-werden","status":"publish","type":"page","link":"https:\/\/www.seepferde-unna.de\/index.php\/der-verein\/mitglied-werden\/","title":{"rendered":"Mitglied werden"},"content":{"rendered":"<p><img loading=\"lazy\" decoding=\"async\" class=\"alignright size-medium wp-image-426\" src=\"https:\/\/www.seepferde-unna.de\/wp-content\/uploads\/2016\/08\/IMG_0571-300x169.jpg\" alt=\"\" width=\"300\" height=\"169\" srcset=\"https:\/\/www.seepferde-unna.de\/wp-content\/uploads\/2016\/08\/IMG_0571-300x169.jpg 300w, https:\/\/www.seepferde-unna.de\/wp-content\/uploads\/2016\/08\/IMG_0571-768x432.jpg 768w, https:\/\/www.seepferde-unna.de\/wp-content\/uploads\/2016\/08\/IMG_0571-1024x576.jpg 1024w, https:\/\/www.seepferde-unna.de\/wp-content\/uploads\/2016\/08\/IMG_0571-820x461.jpg 820w, https:\/\/www.seepferde-unna.de\/wp-content\/uploads\/2016\/08\/IMG_0571.jpg 1599w\" sizes=\"auto, (max-width: 300px) 100vw, 300px\" \/>Neben dem aufmerksamen Lesen unserer Vereinsseiten \u2014 und dem damit verbundenen ersten \u201eGef\u00fchl\u201c f\u00fcr unseren Tauchsportverein und seinen vielen aktiven Mitgliedern, Aktionen und dem attraktiven Fahrtenprogramm \u2014 ist es nat\u00fcrlich am besten, wenn Du uns kontaktierst und einmal am Training teilnimmst, um unsere Mitglieder und unseren Trainingsbetrieb einmal \u201ehautnah\u201c erleben zu k\u00f6nnen!<\/p>\n<p><a href=\"https:\/\/www.seepferde-unna.de\/index.php\/kontakt\/\"><u>Hier<\/u><\/a>\u00a0kannst du Kontakt zu uns aufnehmen.<\/p>\n<p>Wenn Du Dich nun entschlossen hast, Mitglied zu werden, kannst Du nachfolgend, die drei erforderliche Dokumente herunterladen \u2014 sofern Du sie nicht schon von einem Vorstandsmitglied bekommen hast!<\/p>\n<p><a href=\"https:\/\/www.seepferde-unna.de\/index.php\/downloads\/\"><u>Hier<\/u><\/a>\u00a0kannst Du den Aufnahmeantrag herunterladen.<\/p>\n<p><img loading=\"lazy\" decoding=\"async\" class=\"alignleft size-medium wp-image-213\" src=\"https:\/\/www.seepferde-unna.de\/wp-content\/uploads\/2016\/08\/IMG_1078_klein-300x225.jpg\" alt=\"img_1078_klein\" width=\"300\" height=\"225\" srcset=\"https:\/\/www.seepferde-unna.de\/wp-content\/uploads\/2016\/08\/IMG_1078_klein-300x225.jpg 300w, https:\/\/www.seepferde-unna.de\/wp-content\/uploads\/2016\/08\/IMG_1078_klein-768x576.jpg 768w, https:\/\/www.seepferde-unna.de\/wp-content\/uploads\/2016\/08\/IMG_1078_klein-820x615.jpg 820w, https:\/\/www.seepferde-unna.de\/wp-content\/uploads\/2016\/08\/IMG_1078_klein.jpg 1000w\" sizes=\"auto, (max-width: 300px) 100vw, 300px\" \/>Um den Tauchsport aus\u00fcben zu d\u00fcrfen, ist es notwendig, regelm\u00e4\u00dfig eine sogenannte \u201eTauchsport\u00e4rztliche Untersuchung\u201c durchf\u00fchren zu lassen. Insbesondere ist dies nat\u00fcrlich auch Voraussetzung, um mit dem Tauchen \u00fcberhaupt beginnen zu k\u00f6nnen. Diese Untersuchung mu\u00df nach den Richtlinien der Gesellschaft f\u00fcr Tauch- und \u00dcberdruckmedizin e.V. \u2014 GT\u00dcM e.V. erfolgen. Die regelm\u00e4\u00dfige Untersuchung muss einmal j\u00e4hrlich im Alter von 8 bis 14 Jahren sowie ab 40 Jahren erfolgen, im Alter ab 14 bis 40 Jahren reicht ein dreij\u00e4hriger Zwischenraum.<\/p>\n<p><a href=\"https:\/\/www.seepferde-unna.de\/index.php\/downloads\/\"><u>Hier<\/u><\/a>\u00a0kannst Du ein Formular f\u00fcr den Arzt herunterladen.<\/p>\n","protected":false},"excerpt":{"rendered":"<p>Neben dem aufmerksamen Lesen unserer Vereinsseiten \u2014 und dem damit verbundenen ersten \u201eGef\u00fchl\u201c f\u00fcr unseren Tauchsportverein und seinen vielen aktiven [&hellip;]<\/p>\n","protected":false},"author":1,"featured_media":0,"parent":5,"menu_order":0,"comment_status":"closed","ping_status":"closed","template":"","meta":{"footnotes":""},"class_list":["post-17","page","type-page","status-publish","hentry"],"_links":{"self":[{"href":"https:\/\/www.seepferde-unna.de\/index.php\/wp-json\/wp\/v2\/pages\/17","targetHints":{"allow":["GET"]}}],"collection":[{"href":"https:\/\/www.seepferde-unna.de\/index.php\/wp-json\/wp\/v2\/pages"}],"about":[{"href":"https:\/\/www.seepferde-unna.de\/index.php\/wp-json\/wp\/v2\/types\/page"}],"author":[{"embeddable":true,"href":"https:\/\/www.seepferde-unna.de\/index.php\/wp-json\/wp\/v2\/users\/1"}],"replies":[{"embeddable":true,"href":"https:\/\/www.seepferde-unna.de\/index.php\/wp-json\/wp\/v2\/comments?post=17"}],"version-history":[{"count":5,"href":"https:\/\/www.seepferde-unna.de\/index.php\/wp-json\/wp\/v2\/pages\/17\/revisions"}],"predecessor-version":[{"id":427,"href":"https:\/\/www.seepferde-unna.de\/index.php\/wp-json\/wp\/v2\/pages\/17\/revisions\/427"}],"up":[{"embeddable":true,"href":"https:\/\/www.seepferde-unna.de\/index.php\/wp-json\/wp\/v2\/pages\/5"}],"wp:attachment":[{"href":"https:\/\/www.seepferde-unna.de\/index.php\/wp-json\/wp\/v2\/media?parent=17"}],"curies":[{"name":"wp","href":"https:\/\/api.w.org\/{rel}","templated":true}]}}