{"id":1705,"date":"2021-10-18T18:17:00","date_gmt":"2021-10-18T16:17:00","guid":{"rendered":"https:\/\/www.seepferde-unna.de\/?page_id=1705"},"modified":"2021-10-19T21:42:34","modified_gmt":"2021-10-19T19:42:34","slug":"wieesweitergeht","status":"publish","type":"page","link":"https:\/\/www.seepferde-unna.de\/index.php\/jugendabteilung\/wieesweitergeht\/","title":{"rendered":"&#8230; wie es dann weitergeht"},"content":{"rendered":"\n<h2 class=\"wp-block-heading\">Die Kindertauchsportabzeichen \/ German Diver Licence Junior<\/h2>\n\n\n\n<div class=\"wp-block-image\"><figure class=\"aligncenter\"><img loading=\"lazy\" decoding=\"async\" width=\"1024\" height=\"768\" src=\"https:\/\/www.seepferde-unna.de\/wp-content\/uploads\/2016\/08\/IMG-20170202-WA0003-1024x768.jpg\" alt=\"\" class=\"wp-image-395\" srcset=\"https:\/\/www.seepferde-unna.de\/wp-content\/uploads\/2016\/08\/IMG-20170202-WA0003-1024x768.jpg 1024w, https:\/\/www.seepferde-unna.de\/wp-content\/uploads\/2016\/08\/IMG-20170202-WA0003-300x225.jpg 300w, https:\/\/www.seepferde-unna.de\/wp-content\/uploads\/2016\/08\/IMG-20170202-WA0003-768x576.jpg 768w, https:\/\/www.seepferde-unna.de\/wp-content\/uploads\/2016\/08\/IMG-20170202-WA0003-820x615.jpg 820w, https:\/\/www.seepferde-unna.de\/wp-content\/uploads\/2016\/08\/IMG-20170202-WA0003.jpg 1600w\" sizes=\"auto, (max-width: 1024px) 100vw, 1024px\" \/><\/figure><\/div>\n\n\n\n<p class=\"has-normal-font-size\">Jedes Kindertauchabzeichen besteht aus zwei Teilen. Zum einen aus Schnorchel- und zum anderen aus Tauch\u00fcbungen.<\/p>\n\n\n\n<h3 class=\"wp-block-heading\">GDL Junior * \/ vormals KTSA Bronze<\/h3>\n\n\n\n<p>max. Tauchtiefe 5m &#8211; f\u00fcr mehr <a href=\"https:\/\/www.seepferde-unna.de\/index.php\/jugendabteilung\/und-wie-tief-kann-ich-tauchen\/\">hier<\/a> klicken<\/p>\n\n\n\n<p class=\"has-normal-font-size\">F\u00fcr dieses Abzeichen musst Du, wie die Erwachsenen auch, eine Tauchtauglichkeitsbescheinigung haben und mind. <span style=\"color: #ff0000;\">8<\/span> Jahre alt sein. Wenn Du dieses Abzeichen machen m\u00f6chtest, solltest Du die beiden Schnorchelabzeichen Otter und Robbe schon hinter dir haben.<\/p>\n\n\n\n<p class=\"has-normal-font-size\">Zus\u00e4tzlich brauchen wir von Deinen Eltern eine Einverst\u00e4ndniserkl\u00e4rung.<\/p>\n\n\n\n<p class=\"has-normal-font-size\">Nun ist es Zeit, die ersten theoretischen Kenntnisse zu vermitteln, da Du jetzt mit dem Tauchger\u00e4t im Schwimmbad \u00fcben m\u00f6chtest. Hier lernst du nun, wie man sich unter Wasser verst\u00e4ndigt und mit dem Ger\u00e4t an Land und im Wasser umgeht (dabei sind wir dir nat\u00fcrlich behilflich).<\/p>\n\n\n\n<p class=\"has-normal-font-size\"><strong>Schorchel\u00fcbungen:<\/strong><\/p>\n\n\n\n<ul class=\"wp-block-list\"><li>Wasser\u2013Nase-Reflex<\/li><li>Ca. 20 Sek. Zeittauchen<\/li><li>15 m Streckentauchen<\/li><li>Maske fluten und ausblasen<\/li><li>200 m Schnorcheln (wie bei Otter)<\/li><li>stilgerechtes Abtauchen und so viele Gegenst\u00e4nde wie m\u00f6glich auf einmal einsammeln<\/li><\/ul>\n\n\n\n<p class=\"has-normal-font-size\"><strong>Ger\u00e4te\u00fcbungen:<\/strong><\/p>\n\n\n\n<ul class=\"wp-block-list\"><li>Eingew\u00f6hnungstauchgang<\/li><li>Wasser\u2013Nase-Reflex pr\u00fcfen<\/li><li>Druckausgleich pr\u00fcfen und mit dem Tauchausbilder in verschiedenen Tiefen tauchen<\/li><li>Geben und reagieren auf verschiedene Unterwasserpflichtzeichen<\/li><li>Tauchgang<\/li><li>Maske ausblasen, den Lungenautomat aus dem Mund nehmen, leicht ausatmen, das Mundst\u00fcck wieder in den Mund nehmen und weiter atmen<\/li><li>Geschwindigkeitskontrolliertes Aufsteigen mit dem Tauchausbilder im freien Wasser und an der Wasseroberfl\u00e4che zum Ausgangspunkt zur\u00fcckkehren<\/li><li>5 min mit Ger\u00e4t schnorcheln<\/li><\/ul>\n\n\n\n<h3 class=\"wp-block-heading\">GDL Junior ** \/ vormals KTSA Silber<\/h3>\n\n\n\n<p>max. Tauchtiefe 8m &#8211; f\u00fcr mehr <a href=\"https:\/\/www.seepferde-unna.de\/index.php\/jugendabteilung\/und-wie-tief-kann-ich-tauchen\/\">hier<\/a> klicken<\/p>\n\n\n\n<p class=\"has-normal-font-size\">F\u00fcr dieses Abzeichen musst du, wie die Erwachsenen auch, eine Tauchtauglichkeitsbescheinigung haben und mind. <span style=\"color: #ff0000;\">10<\/span> Jahre alt sein.<\/p>\n\n\n\n<p class=\"has-normal-font-size\">Wenn du dieses Abzeichen machen m\u00f6chtest, solltest du das KTSA-Bronze schon hinter dir haben.<\/p>\n\n\n\n<p class=\"has-normal-font-size\">Zus\u00e4tzlich brauchen wir von deinen Eltern, wie auch bei KTSA-Bronze, eine Einverst\u00e4ndniserkl\u00e4rung.<\/p>\n\n\n\n<p class=\"has-normal-font-size\">Damit du jetzt mit dem Tauchger\u00e4t im Schwimmbad \u00fcben kannst, um danach mit uns zum 1. Mal ins Freigew\u00e4sser zu gehen, ist es nun Zeit, die theoretischen Kenntnisse weiter zu vertiefen. Hier lernst du nun, wie man sich unter Wasser verst\u00e4ndigt und mit dem Ger\u00e4t an Land und im Wasser umgeht und was bei Notfallsituationen zu tun ist. F\u00fcr dieses Abzeichen musst du nach dem Tauchgang deine eigene Ausr\u00fcstung versorgen k\u00f6nnen.<\/p>\n\n\n\n<p><strong>Schorchel\u00fcbungen:<\/strong><\/p>\n\n\n\n<ul class=\"wp-block-list\"><li>Ca. 25 Sek. Zeittauchen unter stetiger Ortsver\u00e4nderung<\/li><li>20 m Streckentauchen<\/li><li>Maske absetzen, wieder aufsetzen und ausblasen<\/li><li>300 m Schnorcheln in Brust, Seiten und R\u00fcckenlage<\/li><li>3 mal stilgerechtes Abtauchen mit anschlie\u00dfendem Ausblasen des Schorchels<\/li><li>Partner\u00fcbung: 50m Wechselatmung mit dem Schorchel an der Wasseroberfl\u00e4che<\/li><\/ul>\n\n\n\n<p><strong>Ger\u00e4te\u00fcbungen:<\/strong><\/p>\n\n\n\n<ul class=\"wp-block-list\"><li>Eingew\u00f6hnungstauchgang<\/li><li>Mit dem Ger\u00e4t auf 3m Tiefe abtauchen, die Maske abnehmen, wieder aufsetzen und ausblasen<\/li><li>Unter Wasser eine Strecke von 25 m zur\u00fccklegen, unter Wechselatmung mit dem Partner<\/li><li>10 min mit Ger\u00e4t schnorcheln<\/li><li>Tauchgang mit deutlichem Abstand zum Grund und richtiges Reagieren auf 5 Unterwasserpflichtzeichen<\/li><li>Am Ende eines Tauchgangs Atemregler aus dem Mund nehmen und unter Ausatmen zusammen mit dem Ausbilder auftauchen<\/li><li>Am Ende eines Tauchgangs versorgen der eigenen Ausr\u00fcstung<\/li><\/ul>\n\n\n\n<h3 class=\"wp-block-heading\">GDL Junior *** \/ vormals KTSA Gold<\/h3>\n\n\n\n<p>max. Tauchtiefe 12 m &#8211; f\u00fcr mehr <a href=\"https:\/\/www.seepferde-unna.de\/index.php\/jugendabteilung\/und-wie-tief-kann-ich-tauchen\/\">hier<\/a> klicken<\/p>\n\n\n\n<p class=\"has-normal-font-size\">F\u00fcr dieses Abzeichen musst du, wie die Erwachsenen auch, eine Tauchtauglichkeitsbescheinigung haben und mind. <span style=\"color: #ff0000;\">12<\/span> Jahre alt sein.<\/p>\n\n\n\n<p class=\"has-normal-font-size\">Wenn Du dieses Abzeichen machen m\u00f6chtest, solltest Du das KTSA-Silber&nbsp;schon bestanden haben.<\/p>\n\n\n\n<p class=\"has-normal-font-size\">Zus\u00e4tzlich brauchen wir von Deinen Eltern, wie auch bei KTSA-Silber, eine Einverst\u00e4ndniserkl\u00e4rung.<\/p>\n\n\n\n<p class=\"has-normal-font-size\">De theoretischen Kenntnisse werden weiter vertieft und aufgefrischt, da Du jetzt mit dem Tauchger\u00e4t im Freiwasser \u00fcber wirst, damit du sp\u00e4ter allein mit erfahrenen Tauchern tauchen kannst. Hier lernst du nun, was auch die Erwachsenen f\u00fcr ihre erste Tauchpr\u00fcfung lernen m\u00fcssen.<\/p>\n\n\n\n<p><strong>Schorchel\u00fcbungen:<\/strong><\/p>\n\n\n\n<ul class=\"wp-block-list\"><li>Ca. 30 Sek. Zeittauchen unter stetiger Ortsver\u00e4nderung<\/li><li>25,m Streckentauchen<\/li><li>20,min Zeitschnorcheln je 5,min in Brust, Seiten und R\u00fcckenlage und 5,min mit einer Flosse<\/li><li>3 mal stilgerechtes Abtauchen mit anschlie\u00dfendem Ausblasen des Schorchels<\/li><li>50 m Schnorcheln zu einem Ger\u00e4tetaucher, der auf 3 m Tiefe liegt, Transportieren des Ger\u00e4tetauchers an die Wasseroberfl\u00e4che und 50 m dort transportieren<\/li><li>2 vorschriftsm\u00e4\u00dfige Spr\u00fcnge mit kompletter Ger\u00e4teausr\u00fcstung<\/li><\/ul>\n\n\n\n<p><strong>Ger\u00e4te\u00fcbungen:<\/strong><\/p>\n\n\n\n<ul class=\"wp-block-list\"><li>Eingew\u00f6hnungstauchgang<\/li><li>Tauchgang max. 12 m Tiefe, auf 3 m Tiefe Maske abnehmen, wieder aufsetzen und ausblasen<\/li><li>W\u00e4hrend der Tauchg\u00e4nge eigenst\u00e4ndiges Tarieren in unterschiedlichen Tiefen<\/li><li>Zu Beginn eines Tauchgangs Ger\u00e4t in 2-4 m Tiefe ablegen und auftauchen. Aus 10 m Entfernung Ger\u00e4t antauchen und anlegen<\/li><li>Am Ende eines Tauchgangs gemeinsamer geschwindigkeitskontrollierter Aufstieg<\/li><li>Zu Beginn eines Tauchgangs wird in einer Tiefe von max. 5 m eine Strecke von 50 m unter Wechselatmung zur\u00fcckgelegt<\/li><li>W\u00e4hrend eines Tauchgangs taucht der Tauchlehrer, in max. 5m Tiefe, ca. 5m voran. Ihr taucht mit dem Atemregler in der Hand zum Tauchlehrer und zeigt an \u201cIch habe keine Luft mehr\u201c und bekommt den Zweitatemregler des Tauchlehrers, nun taucht Ihr 5 min an dem Zweitatemregler des Tauchlehrers<\/li><li>W\u00e4hrend eines Tauchgangs im Freigew\u00e4sser wird in einer Gruppe getaucht<\/li><\/ul>\n\n\n\n<p class=\"has-normal-font-size\"><strong>Weitere Informationen sowie die erforderliche Anmeldung haben wir f\u00fcr euch hinterlegt. Bitte einfach auf den Link klicken.<\/strong><\/p>\n\n\n\n<p class=\"has-normal-font-size\"><a rel=\"noreferrer noopener\" href=\"https:\/\/www.seepferde-unna.de\/wp-content\/uploads\/2021\/10\/Anmeldung-jugendausbildung_2021.pdf\" target=\"_blank\">Anmeldung zur Jugendausbildung<\/a>, <a rel=\"noreferrer noopener\" href=\"https:\/\/www.seepferde-unna.de\/wp-content\/uploads\/2021\/10\/VDST-TTU-Kinder-1.pdf\" target=\"_blank\">Tauchtauglichkeit f\u00fcr Kinder<\/a>, <a rel=\"noreferrer noopener\" href=\"https:\/\/www.seepferde-unna.de\/wp-content\/uploads\/2021\/10\/VDST-TTU-Kinder-Elternmerkblatt-1.pdf\" target=\"_blank\">Elternmerkblatt<\/a>, <a rel=\"noreferrer noopener\" href=\"https:\/\/www.seepferde-unna.de\/wp-content\/uploads\/2021\/10\/Einverstaendniserklaerung-1.pdf\" target=\"_blank\">Einverst\u00e4ndniserkl\u00e4rung der Eltern<\/a>, <a rel=\"noreferrer noopener\" href=\"https:\/\/www.seepferde-unna.de\/wp-content\/uploads\/2021\/10\/Dokumentation_des_Aufklaerungsgespraeches_04.pdf\" target=\"_blank\">Dokumentation des  Aufkl\u00e4rungsgespr\u00e4ches<\/a>.<\/p>\n\n\n\n<p>Schaut doch auch einfach einmal auf der <a rel=\"noopener noreferrer\" href=\"https:\/\/www.german-diver-licence.de\/taucher\/\" target=\"_blank\">Homepage<\/a> des VDST f\u00fcr weitere Informationen zum Kindertauchen sowie in der <a rel=\"noopener noreferrer\" href=\"https:\/\/www.vdst.de\/wp-content\/uploads\/VDST-KTSA-Ordnung-2021.pdf#page=14\" target=\"_blank\">Ausbildungsordnung<\/a> des VDST.<\/p>\n","protected":false},"excerpt":{"rendered":"<p>Die Kindertauchsportabzeichen \/ German Diver Licence Junior Jedes Kindertauchabzeichen besteht aus zwei Teilen. Zum einen aus Schnorchel- und zum anderen [&hellip;]<\/p>\n","protected":false},"author":1,"featured_media":1708,"parent":9,"menu_order":2,"comment_status":"closed","ping_status":"closed","template":"","meta":{"footnotes":""},"class_list":["post-1705","page","type-page","status-publish","has-post-thumbnail","hentry"],"_links":{"self":[{"href":"https:\/\/www.seepferde-unna.de\/index.php\/wp-json\/wp\/v2\/pages\/1705","targetHints":{"allow":["GET"]}}],"collection":[{"href":"https:\/\/www.seepferde-unna.de\/index.php\/wp-json\/wp\/v2\/pages"}],"about":[{"href":"https:\/\/www.seepferde-unna.de\/index.php\/wp-json\/wp\/v2\/types\/page"}],"author":[{"embeddable":true,"href":"https:\/\/www.seepferde-unna.de\/index.php\/wp-json\/wp\/v2\/users\/1"}],"replies":[{"embeddable":true,"href":"https:\/\/www.seepferde-unna.de\/index.php\/wp-json\/wp\/v2\/comments?post=1705"}],"version-history":[{"count":14,"href":"https:\/\/www.seepferde-unna.de\/index.php\/wp-json\/wp\/v2\/pages\/1705\/revisions"}],"predecessor-version":[{"id":2361,"href":"https:\/\/www.seepferde-unna.de\/index.php\/wp-json\/wp\/v2\/pages\/1705\/revisions\/2361"}],"up":[{"embeddable":true,"href":"https:\/\/www.seepferde-unna.de\/index.php\/wp-json\/wp\/v2\/pages\/9"}],"wp:featuredmedia":[{"embeddable":true,"href":"https:\/\/www.seepferde-unna.de\/index.php\/wp-json\/wp\/v2\/media\/1708"}],"wp:attachment":[{"href":"https:\/\/www.seepferde-unna.de\/index.php\/wp-json\/wp\/v2\/media?parent=1705"}],"curies":[{"name":"wp","href":"https:\/\/api.w.org\/{rel}","templated":true}]}}