{"id":1711,"date":"2020-05-02T22:51:00","date_gmt":"2020-05-02T20:51:00","guid":{"rendered":"https:\/\/www.seepferde-unna.de\/?page_id=1711"},"modified":"2020-05-05T18:34:17","modified_gmt":"2020-05-05T16:34:17","slug":"und-dann-cmas","status":"publish","type":"page","link":"https:\/\/www.seepferde-unna.de\/index.php\/jugendabteilung\/und-dann-cmas\/","title":{"rendered":"und dann CMAS *"},"content":{"rendered":"\n<p>F\u00fcr dieses auch international anerkannte Tauchsportabzeichen musst Du, wie die Erwachsenen auch, eine g\u00fcltige Tauchtauglichkeitsbescheinigung haben und mind. 14 Jahre alt sein. Wenn Du dieses Abzeichen machen m\u00f6chtest, solltest Du entweder den KTSA Gold oder den Grundtauchschein schon haben.<\/p>\n<p>Zus\u00e4tzlich brauchen wir von Deinen Eltern eine Einverst\u00e4ndniserkl\u00e4rung.<\/p>\n<p>Du lernst in einem Theorieblock alles, was Du f\u00fcr das Tauchen ben\u00f6tigst. Physik, Biologie, Umwelt. In einem Praxisblock werden wir mit Dir zusammen in einem Freigew\u00e4sser (\u00fcblich ist der M\u00f6hnesee) \u00fcben. Die Kurse zu CMAS* schreiben wir \u00fcber unsere Homepage aus, so dass Du jederzeit sehen kannst, wann der n\u00e4chste stattfindet.<\/p>\n<p>\u00a0<\/p>\n<h3><img loading=\"lazy\" decoding=\"async\" class=\"alignright size-medium wp-image-387\" src=\"https:\/\/www.seepferde-unna.de\/wp-content\/uploads\/2017\/02\/IMG-20170202-WA0002-300x225.jpg\" alt=\"\" width=\"300\" height=\"225\" srcset=\"https:\/\/www.seepferde-unna.de\/wp-content\/uploads\/2017\/02\/IMG-20170202-WA0002-300x225.jpg 300w, https:\/\/www.seepferde-unna.de\/wp-content\/uploads\/2017\/02\/IMG-20170202-WA0002-768x576.jpg 768w, https:\/\/www.seepferde-unna.de\/wp-content\/uploads\/2017\/02\/IMG-20170202-WA0002-1024x768.jpg 1024w, https:\/\/www.seepferde-unna.de\/wp-content\/uploads\/2017\/02\/IMG-20170202-WA0002-820x615.jpg 820w, https:\/\/www.seepferde-unna.de\/wp-content\/uploads\/2017\/02\/IMG-20170202-WA0002.jpg 1600w\" sizes=\"auto, (max-width: 300px) 100vw, 300px\" \/>Weitere Voraussetzungen sind:<\/h3>\n<p>Ausbildungsstufe \/ Anzahl der Pflichttauchg\u00e4nge: keine<br \/>Sonstiges: g\u00fcltige Tauchtauglichkeitsbescheinigung<\/p>\n<h3><br \/>Sonderregelungen f\u00fcr die Praxis:<\/h3>\n<p>pro Tag nicht mehr als 3 \u00dcbungstauchg\u00e4nge mit Ger\u00e4t.<\/p>\n<p>Bei Vorlage des DTSA-Grundtauchscheins entfallen der theoretische Teil und die \u00dcbungen ohne Ger\u00e4t, wenn zwischen Beginn der Abnahmen zum Grundtauchschein und Abschluss des DTSA * nicht mehr als 15 Monate liegen.<\/p>\n<p>Bei Vorlage des VDST-KTSA Gold (***) entfallen bis zum vollendeten 16. Lebensjahr der theoretische Teil und die \u00dcbungen ohne Ger\u00e4t.<\/p>\n<p>Bei Vorlage des DTSA-Basic entf\u00e4llt der Tauchgang 1.0, wenn zwischen Beginn der Abnahmen zum Basic und Abschluss des DTSA * nicht mehr als 15 Monate liegen.<\/p>\n<p><a rel=\"noopener noreferrer\" href=\"https:\/\/www.vdst.de\/erleben\/tauchen-lernen\/tauchkurse\/\" target=\"_blank\">Hier findest Du erg\u00e4nzende Informationen vom VDST<\/a><\/p>\n","protected":false},"excerpt":{"rendered":"<p>F\u00fcr dieses auch international anerkannte Tauchsportabzeichen musst Du, wie die Erwachsenen auch, eine g\u00fcltige Tauchtauglichkeitsbescheinigung haben und mind. 14 Jahre [&hellip;]<\/p>\n","protected":false},"author":1,"featured_media":0,"parent":9,"menu_order":3,"comment_status":"closed","ping_status":"closed","template":"","meta":{"footnotes":""},"class_list":["post-1711","page","type-page","status-publish","hentry"],"_links":{"self":[{"href":"https:\/\/www.seepferde-unna.de\/index.php\/wp-json\/wp\/v2\/pages\/1711","targetHints":{"allow":["GET"]}}],"collection":[{"href":"https:\/\/www.seepferde-unna.de\/index.php\/wp-json\/wp\/v2\/pages"}],"about":[{"href":"https:\/\/www.seepferde-unna.de\/index.php\/wp-json\/wp\/v2\/types\/page"}],"author":[{"embeddable":true,"href":"https:\/\/www.seepferde-unna.de\/index.php\/wp-json\/wp\/v2\/users\/1"}],"replies":[{"embeddable":true,"href":"https:\/\/www.seepferde-unna.de\/index.php\/wp-json\/wp\/v2\/comments?post=1711"}],"version-history":[{"count":3,"href":"https:\/\/www.seepferde-unna.de\/index.php\/wp-json\/wp\/v2\/pages\/1711\/revisions"}],"predecessor-version":[{"id":1863,"href":"https:\/\/www.seepferde-unna.de\/index.php\/wp-json\/wp\/v2\/pages\/1711\/revisions\/1863"}],"up":[{"embeddable":true,"href":"https:\/\/www.seepferde-unna.de\/index.php\/wp-json\/wp\/v2\/pages\/9"}],"wp:attachment":[{"href":"https:\/\/www.seepferde-unna.de\/index.php\/wp-json\/wp\/v2\/media?parent=1711"}],"curies":[{"name":"wp","href":"https:\/\/api.w.org\/{rel}","templated":true}]}}