{"id":1774,"date":"2020-05-03T14:58:00","date_gmt":"2020-05-03T12:58:00","guid":{"rendered":"https:\/\/www.seepferde-unna.de\/?page_id=1774"},"modified":"2022-02-08T21:28:42","modified_gmt":"2022-02-08T20:28:42","slug":"und-wie-tief-darf-ich-tauchen","status":"publish","type":"page","link":"https:\/\/www.seepferde-unna.de\/index.php\/jugendabteilung\/und-wie-tief-darf-ich-tauchen\/","title":{"rendered":"&#8230; und wie tief darf ich tauchen?"},"content":{"rendered":"\n<p class=\"has-normal-font-size\">Im Rahmen des Trainings und der Ausbildung fragt ihr euch bestimmt: Wie tief kann ich denn tauchen? Die Tauchtiefe ist abh\u00e4ngig vom Alter und vom Ausbildungsstand. Wir haben euch hier die aktuellen Informationen zusammengestellt:<\/p>\n\n\n\n<h2 class=\"wp-block-heading\">Mit einem Kindertauchsportabzeichen:<\/h2>\n\n\n\n<p class=\"has-normal-font-size\"><strong>KTSA Bronze<\/strong> (bis <strong>5<\/strong> Meter): Schwimmbad oder schwimmbad\u00e4hnliche Verh\u00e4ltnisse<\/p>\n\n\n\n<p class=\"has-normal-font-size\"><strong>KTSA Silber<\/strong> (bis <strong>8<\/strong> Meter): Das Kind ist mit gef\u00fchrten Tauchg\u00e4ngen im Freigew\u00e4sser bis 8 Meter vertraut. Es kann sicher an diesen Tauchg\u00e4ngen teilnehmen, wenn diese mindestens von einem VDST-CMAS-Taucher*** gef\u00fchrt werden.<\/p>\n\n\n\n<p class=\"has-normal-font-size\"><strong>KTSA Gold<\/strong> (bis <strong>12<\/strong> Meter): Das Kind ist mit gef\u00fchrten Tauchg\u00e4ngen im Freigew\u00e4sser bis 12 Meter vertraut. Es kann sicher an diesen Tauchg\u00e4ngen teilnehmen und Sonderaufgaben \u00fcbernehmen, wenn die Tauchg\u00e4nge mindestens von einem VDST-CMAS-Taucher*** gef\u00fchrt werden.<\/p>\n\n\n\n<h2 class=\"wp-block-heading\">Ihr habt schon ein CMAS*-Brevet?:<\/h2>\n\n\n\n<p class=\"has-normal-font-size\">Na dann kann euch folgende Aufstellung des VDST helfen, den richtigen Tauchpartner f\u00fcr euren Tauchgang zu finden.  Wir haben <a rel=\"noreferrer noopener\" href=\"https:\/\/www.seepferde-unna.de\/wp-content\/uploads\/2020\/05\/VDST-Tauchgruppenzusammenstellung_Tauchtiefen_2018.pdf\" target=\"_blank\">hier<\/a> f\u00fcr euch die Tauchgruppenzusammenstellung mit den jeweiligen Tauchtiefen hinterlegt.<\/p>\n\n\n\n<p><\/p>\n\n\n\n<div class=\"wp-block-image\"><figure class=\"aligncenter size-large is-resized\"><img loading=\"lazy\" decoding=\"async\" src=\"https:\/\/www.seepferde-unna.de\/wp-content\/uploads\/2016\/12\/4089_Anzeigen_TAUCHEN_210x148_DIN_A5_quer_WEB-1024x722.jpg\" alt=\"\" class=\"wp-image-438\" width=\"496\" height=\"349\" srcset=\"https:\/\/www.seepferde-unna.de\/wp-content\/uploads\/2016\/12\/4089_Anzeigen_TAUCHEN_210x148_DIN_A5_quer_WEB-1024x722.jpg 1024w, https:\/\/www.seepferde-unna.de\/wp-content\/uploads\/2016\/12\/4089_Anzeigen_TAUCHEN_210x148_DIN_A5_quer_WEB-300x211.jpg 300w, https:\/\/www.seepferde-unna.de\/wp-content\/uploads\/2016\/12\/4089_Anzeigen_TAUCHEN_210x148_DIN_A5_quer_WEB-768x541.jpg 768w, https:\/\/www.seepferde-unna.de\/wp-content\/uploads\/2016\/12\/4089_Anzeigen_TAUCHEN_210x148_DIN_A5_quer_WEB-820x578.jpg 820w\" sizes=\"auto, (max-width: 496px) 100vw, 496px\" \/><\/figure><\/div>\n","protected":false},"excerpt":{"rendered":"<p>Im Rahmen des Trainings und der Ausbildung fragt ihr euch bestimmt: Wie tief kann ich denn tauchen? Die Tauchtiefe ist [&hellip;]<\/p>\n","protected":false},"author":1,"featured_media":0,"parent":9,"menu_order":4,"comment_status":"closed","ping_status":"closed","template":"","meta":{"footnotes":""},"class_list":["post-1774","page","type-page","status-publish","hentry"],"_links":{"self":[{"href":"https:\/\/www.seepferde-unna.de\/index.php\/wp-json\/wp\/v2\/pages\/1774","targetHints":{"allow":["GET"]}}],"collection":[{"href":"https:\/\/www.seepferde-unna.de\/index.php\/wp-json\/wp\/v2\/pages"}],"about":[{"href":"https:\/\/www.seepferde-unna.de\/index.php\/wp-json\/wp\/v2\/types\/page"}],"author":[{"embeddable":true,"href":"https:\/\/www.seepferde-unna.de\/index.php\/wp-json\/wp\/v2\/users\/1"}],"replies":[{"embeddable":true,"href":"https:\/\/www.seepferde-unna.de\/index.php\/wp-json\/wp\/v2\/comments?post=1774"}],"version-history":[{"count":10,"href":"https:\/\/www.seepferde-unna.de\/index.php\/wp-json\/wp\/v2\/pages\/1774\/revisions"}],"predecessor-version":[{"id":2424,"href":"https:\/\/www.seepferde-unna.de\/index.php\/wp-json\/wp\/v2\/pages\/1774\/revisions\/2424"}],"up":[{"embeddable":true,"href":"https:\/\/www.seepferde-unna.de\/index.php\/wp-json\/wp\/v2\/pages\/9"}],"wp:attachment":[{"href":"https:\/\/www.seepferde-unna.de\/index.php\/wp-json\/wp\/v2\/media?parent=1774"}],"curies":[{"name":"wp","href":"https:\/\/api.w.org\/{rel}","templated":true}]}}