{"id":1873,"date":"2021-10-19T19:23:00","date_gmt":"2021-10-19T17:23:00","guid":{"rendered":"https:\/\/www.seepferde-unna.de\/?page_id=1873"},"modified":"2021-10-19T21:44:17","modified_gmt":"2021-10-19T19:44:17","slug":"seepferde-jugend","status":"publish","type":"page","link":"https:\/\/www.seepferde-unna.de\/index.php\/jugendabteilung\/seepferde-jugend\/","title":{"rendered":"Seepferde-Jugend"},"content":{"rendered":"\n<div class=\"wp-block-group\"><div class=\"wp-block-group__inner-container is-layout-flow wp-block-group-is-layout-flow\">\n<div class=\"wp-block-group\"><div class=\"wp-block-group__inner-container is-layout-flow wp-block-group-is-layout-flow\">\n<p class=\"has-normal-font-size\">Du hast vielleicht schon im letzten Urlaub <a rel=\"noopener noreferrer\" href=\"https:\/\/www.seepferde-unna.de\/wp-content\/uploads\/2016\/08\/IMG_1078_klein.jpg\" target=\"_blank\">geschnorchelt<\/a> oder sogar ein Schnuppertauchen mitgemacht? Jetzt hast Du Lust auf mehr?&nbsp;<\/p>\n<\/div><\/div>\n<\/div><\/div>\n\n\n\n<div class=\"wp-block-group\"><div class=\"wp-block-group__inner-container is-layout-flow wp-block-group-is-layout-flow\">\n<p class=\"has-normal-font-size\">Wir bieten Spiel, Spa\u00df beim w\u00f6chentlichen Training in entsprechenden Altersgruppen&nbsp;und gemeinsame <a href=\"https:\/\/www.seepferde-unna.de\/index.php\/jugendabteilung\/jugendfunzeiten\/\" target=\"_blank\" rel=\"noreferrer noopener\">Jugendfahrten<\/a>.<\/p>\n\n\n\n<figure class=\"wp-block-gallery columns-3 is-cropped wp-block-gallery-1 is-layout-flex wp-block-gallery-is-layout-flex\"><ul class=\"blocks-gallery-grid\"><li class=\"blocks-gallery-item\"><figure><img loading=\"lazy\" decoding=\"async\" width=\"1024\" height=\"768\" src=\"https:\/\/www.seepferde-unna.de\/wp-content\/uploads\/2019\/10\/HWHE1050-1024x768.jpg\" alt=\"Tauchertag2018\" data-id=\"1399\" data-full-url=\"https:\/\/www.seepferde-unna.de\/wp-content\/uploads\/2019\/10\/HWHE1050.jpg\" data-link=\"https:\/\/www.seepferde-unna.de\/index.php\/jubelseite\/dcim100goprogopr2613\/\" class=\"wp-image-1399\" srcset=\"https:\/\/www.seepferde-unna.de\/wp-content\/uploads\/2019\/10\/HWHE1050-1024x768.jpg 1024w, https:\/\/www.seepferde-unna.de\/wp-content\/uploads\/2019\/10\/HWHE1050-300x225.jpg 300w, https:\/\/www.seepferde-unna.de\/wp-content\/uploads\/2019\/10\/HWHE1050-768x576.jpg 768w, https:\/\/www.seepferde-unna.de\/wp-content\/uploads\/2019\/10\/HWHE1050-820x615.jpg 820w, https:\/\/www.seepferde-unna.de\/wp-content\/uploads\/2019\/10\/HWHE1050-1320x990.jpg 1320w\" sizes=\"auto, (max-width: 1024px) 100vw, 1024px\" \/><\/figure><\/li><li class=\"blocks-gallery-item\"><figure><img loading=\"lazy\" decoding=\"async\" width=\"1000\" height=\"667\" src=\"https:\/\/www.seepferde-unna.de\/wp-content\/uploads\/2016\/08\/115_klein.jpg\" alt=\"\" data-id=\"397\" data-full-url=\"https:\/\/www.seepferde-unna.de\/wp-content\/uploads\/2016\/08\/115_klein.jpg\" data-link=\"https:\/\/www.seepferde-unna.de\/index.php\/downloads\/115_klein\/\" class=\"wp-image-397\" srcset=\"https:\/\/www.seepferde-unna.de\/wp-content\/uploads\/2016\/08\/115_klein.jpg 1000w, https:\/\/www.seepferde-unna.de\/wp-content\/uploads\/2016\/08\/115_klein-300x200.jpg 300w, https:\/\/www.seepferde-unna.de\/wp-content\/uploads\/2016\/08\/115_klein-768x512.jpg 768w, https:\/\/www.seepferde-unna.de\/wp-content\/uploads\/2016\/08\/115_klein-600x400.jpg 600w, https:\/\/www.seepferde-unna.de\/wp-content\/uploads\/2016\/08\/115_klein-820x547.jpg 820w\" sizes=\"auto, (max-width: 1000px) 100vw, 1000px\" \/><\/figure><\/li><li class=\"blocks-gallery-item\"><figure><img loading=\"lazy\" decoding=\"async\" width=\"1024\" height=\"768\" src=\"https:\/\/www.seepferde-unna.de\/wp-content\/uploads\/2016\/08\/image2_1-1024x768.jpg\" alt=\"\" data-id=\"260\" data-full-url=\"https:\/\/www.seepferde-unna.de\/wp-content\/uploads\/2016\/08\/image2_1.jpg\" data-link=\"https:\/\/www.seepferde-unna.de\/index.php\/vereinsnachrichten\/image2_1\/\" class=\"wp-image-260\" srcset=\"https:\/\/www.seepferde-unna.de\/wp-content\/uploads\/2016\/08\/image2_1-1024x768.jpg 1024w, https:\/\/www.seepferde-unna.de\/wp-content\/uploads\/2016\/08\/image2_1-300x225.jpg 300w, https:\/\/www.seepferde-unna.de\/wp-content\/uploads\/2016\/08\/image2_1-768x576.jpg 768w, https:\/\/www.seepferde-unna.de\/wp-content\/uploads\/2016\/08\/image2_1-820x615.jpg 820w, https:\/\/www.seepferde-unna.de\/wp-content\/uploads\/2016\/08\/image2_1.jpg 1632w\" sizes=\"auto, (max-width: 1024px) 100vw, 1024px\" \/><\/figure><\/li><\/ul><\/figure>\n\n\n\n<p class=\"has-normal-font-size\">Unser Training findet in zwei Altersgruppen statt. Du hast nat\u00fcrlich auch die M\u00f6glichkeit mit den &#8220;alten Hasen&#8221; zu trainieren. Dies f\u00f6rdert ein gr\u00f6\u00dferes Gemeinschaftsgef\u00fchl, aber auch die Erkenntnis, dass Tauchen eine Angelegenheit ist, die in der Gemeinschaft stattfindet. So zum Beispiel w\u00e4hrend unseren ein- oder mehrt\u00e4gigen <a rel=\"noreferrer noopener\" href=\"https:\/\/www.seepferde-unna.de\/index.php\/vereinsnachrichten\/\" target=\"_blank\">Vereinsfahrten<\/a>. Und hier k\u00fcmmern sich unsere erfahrenen Vereinsmitglieder um unsere j\u00fcngeren Taucher, damit der Spa\u00df beim Tauchen auch ganz \u201esicher\u201c erlebt wird. Spa\u00df \u2013 und davon jede Menge. Am Besten vor, w\u00e4hrend und nach dem Tauchen, im Schwimmbad und in unseren heimischen Gew\u00e4ssern.<\/p>\n\n\n\n<figure class=\"wp-block-gallery columns-3 is-cropped wp-block-gallery-2 is-layout-flex wp-block-gallery-is-layout-flex\"><ul class=\"blocks-gallery-grid\"><li class=\"blocks-gallery-item\"><figure><img loading=\"lazy\" decoding=\"async\" width=\"1024\" height=\"768\" src=\"https:\/\/www.seepferde-unna.de\/wp-content\/uploads\/2020\/03\/bf962a15-b51c-4654-9ac8-79d33d035373-1024x768.jpg\" alt=\"\" data-id=\"1696\" data-full-url=\"https:\/\/www.seepferde-unna.de\/wp-content\/uploads\/2020\/03\/bf962a15-b51c-4654-9ac8-79d33d035373.jpg\" data-link=\"https:\/\/www.seepferde-unna.de\/index.php\/vereinsnachrichten\/bf962a15-b51c-4654-9ac8-79d33d035373\/\" class=\"wp-image-1696\" srcset=\"https:\/\/www.seepferde-unna.de\/wp-content\/uploads\/2020\/03\/bf962a15-b51c-4654-9ac8-79d33d035373-1024x768.jpg 1024w, https:\/\/www.seepferde-unna.de\/wp-content\/uploads\/2020\/03\/bf962a15-b51c-4654-9ac8-79d33d035373-300x225.jpg 300w, https:\/\/www.seepferde-unna.de\/wp-content\/uploads\/2020\/03\/bf962a15-b51c-4654-9ac8-79d33d035373-768x576.jpg 768w, https:\/\/www.seepferde-unna.de\/wp-content\/uploads\/2020\/03\/bf962a15-b51c-4654-9ac8-79d33d035373-1536x1152.jpg 1536w, https:\/\/www.seepferde-unna.de\/wp-content\/uploads\/2020\/03\/bf962a15-b51c-4654-9ac8-79d33d035373-820x615.jpg 820w, https:\/\/www.seepferde-unna.de\/wp-content\/uploads\/2020\/03\/bf962a15-b51c-4654-9ac8-79d33d035373-1320x990.jpg 1320w, https:\/\/www.seepferde-unna.de\/wp-content\/uploads\/2020\/03\/bf962a15-b51c-4654-9ac8-79d33d035373.jpg 1600w\" sizes=\"auto, (max-width: 1024px) 100vw, 1024px\" \/><\/figure><\/li><li class=\"blocks-gallery-item\"><figure><img loading=\"lazy\" decoding=\"async\" width=\"800\" height=\"600\" src=\"https:\/\/www.seepferde-unna.de\/wp-content\/uploads\/2016\/08\/IMG_0006.jpg\" alt=\"\" data-id=\"298\" data-full-url=\"https:\/\/www.seepferde-unna.de\/wp-content\/uploads\/2016\/08\/IMG_0006.jpg\" data-link=\"https:\/\/www.seepferde-unna.de\/index.php\/vereinsnachrichten\/img_0006\/\" class=\"wp-image-298\" srcset=\"https:\/\/www.seepferde-unna.de\/wp-content\/uploads\/2016\/08\/IMG_0006.jpg 800w, https:\/\/www.seepferde-unna.de\/wp-content\/uploads\/2016\/08\/IMG_0006-300x225.jpg 300w, https:\/\/www.seepferde-unna.de\/wp-content\/uploads\/2016\/08\/IMG_0006-768x576.jpg 768w\" sizes=\"auto, (max-width: 800px) 100vw, 800px\" \/><\/figure><\/li><li class=\"blocks-gallery-item\"><figure><img loading=\"lazy\" decoding=\"async\" width=\"1000\" height=\"667\" src=\"https:\/\/www.seepferde-unna.de\/wp-content\/uploads\/2016\/08\/m5_klein.jpg\" alt=\"\" data-id=\"197\" data-full-url=\"https:\/\/www.seepferde-unna.de\/wp-content\/uploads\/2016\/08\/m5_klein.jpg\" data-link=\"https:\/\/www.seepferde-unna.de\/index.php\/jugendabteilung\/m5_klein\/\" class=\"wp-image-197\" srcset=\"https:\/\/www.seepferde-unna.de\/wp-content\/uploads\/2016\/08\/m5_klein.jpg 1000w, https:\/\/www.seepferde-unna.de\/wp-content\/uploads\/2016\/08\/m5_klein-300x200.jpg 300w, https:\/\/www.seepferde-unna.de\/wp-content\/uploads\/2016\/08\/m5_klein-768x512.jpg 768w, https:\/\/www.seepferde-unna.de\/wp-content\/uploads\/2016\/08\/m5_klein-600x400.jpg 600w, https:\/\/www.seepferde-unna.de\/wp-content\/uploads\/2016\/08\/m5_klein-820x547.jpg 820w\" sizes=\"auto, (max-width: 1000px) 100vw, 1000px\" \/><\/figure><\/li><\/ul><\/figure>\n\n\n\n<p class=\"has-normal-font-size\">W\u00e4hrend der Ausbildung wirst Du durch unsere Tauchlehrer und \u00dcbungsleiter altersgerecht an das Tauchen herangef\u00fchrt. Eine gute Tauchausbildung schlie\u00dft auch eine gute Schwimmausbildung ein: Das hei\u00dft unter anderem auch Flossenschwimmen.&nbsp;<\/p>\n\n\n\n<p class=\"has-normal-font-size\">Auf den folgenden Seiten wollen wir Dir die einzelnen Ausbildungsstufen und Voraussetzungen n\u00e4her erkl\u00e4ren. <a href=\"https:\/\/www.seepferde-unna.de\/index.php\/jugendabteilung\/wiealleslosgeht\/\">Hier<\/a> geht alles los. <\/p>\n\n\n\n<p class=\"has-normal-font-size\">Und wenn Du Dich fragst, was muss ich denn alles noch kaufen? W\u00e4hrend der Ausbildung werden wir die Tauchausr\u00fcstung nat\u00fcrlich gerne zur Verf\u00fcgung stellen. Da musst Du Dich nicht drum k\u00fcmmern.<\/p>\n\n\n\n<p class=\"has-normal-font-size\">Schau einfach mal zu unseren Trainingszeiten vorbei oder noch besser: einfach mal mitmachen. <\/p>\n\n\n\n<p class=\"has-normal-font-size\"><strong><span style=\"color:#0693e3\" class=\"tadv-color\">Trainingszeiten f\u00fcr unsere Jugend im&nbsp;Hallenbad Unna:<br>mittwochs 19.00 bis 20.00 Uhr &#8211; au\u00dferhalb der Ferienzeiten &#8211;<\/span><\/strong><\/p>\n\n\n\n<div class=\"wp-block-group\"><div class=\"wp-block-group__inner-container is-layout-flow wp-block-group-is-layout-flow\">\n<div class=\"wp-block-group\"><div class=\"wp-block-group__inner-container is-layout-flow wp-block-group-is-layout-flow\">\n<p class=\"has-normal-font-size\">Vielleicht kannst Du dann bald auch sagen:<\/p>\n<\/div><\/div>\n<\/div><\/div>\n\n\n\n<figure class=\"wp-block-image size-large\"><img loading=\"lazy\" decoding=\"async\" width=\"1024\" height=\"724\" src=\"https:\/\/www.seepferde-unna.de\/wp-content\/uploads\/2018\/04\/das-habe-ich-beim-tauchen-gelernt-1024x724.jpg\" alt=\"\" class=\"wp-image-818\" srcset=\"https:\/\/www.seepferde-unna.de\/wp-content\/uploads\/2018\/04\/das-habe-ich-beim-tauchen-gelernt-1024x724.jpg 1024w, https:\/\/www.seepferde-unna.de\/wp-content\/uploads\/2018\/04\/das-habe-ich-beim-tauchen-gelernt-300x212.jpg 300w, https:\/\/www.seepferde-unna.de\/wp-content\/uploads\/2018\/04\/das-habe-ich-beim-tauchen-gelernt-768x543.jpg 768w, https:\/\/www.seepferde-unna.de\/wp-content\/uploads\/2018\/04\/das-habe-ich-beim-tauchen-gelernt-820x580.jpg 820w\" sizes=\"auto, (max-width: 1024px) 100vw, 1024px\" \/><\/figure>\n<\/div><\/div>\n","protected":false},"excerpt":{"rendered":"<p>Du hast vielleicht schon im letzten Urlaub geschnorchelt oder sogar ein Schnuppertauchen mitgemacht? Jetzt hast Du Lust auf mehr?&nbsp; Wir [&hellip;]<\/p>\n","protected":false},"author":1,"featured_media":0,"parent":9,"menu_order":0,"comment_status":"closed","ping_status":"closed","template":"","meta":{"footnotes":""},"class_list":["post-1873","page","type-page","status-publish","hentry"],"_links":{"self":[{"href":"https:\/\/www.seepferde-unna.de\/index.php\/wp-json\/wp\/v2\/pages\/1873","targetHints":{"allow":["GET"]}}],"collection":[{"href":"https:\/\/www.seepferde-unna.de\/index.php\/wp-json\/wp\/v2\/pages"}],"about":[{"href":"https:\/\/www.seepferde-unna.de\/index.php\/wp-json\/wp\/v2\/types\/page"}],"author":[{"embeddable":true,"href":"https:\/\/www.seepferde-unna.de\/index.php\/wp-json\/wp\/v2\/users\/1"}],"replies":[{"embeddable":true,"href":"https:\/\/www.seepferde-unna.de\/index.php\/wp-json\/wp\/v2\/comments?post=1873"}],"version-history":[{"count":11,"href":"https:\/\/www.seepferde-unna.de\/index.php\/wp-json\/wp\/v2\/pages\/1873\/revisions"}],"predecessor-version":[{"id":2362,"href":"https:\/\/www.seepferde-unna.de\/index.php\/wp-json\/wp\/v2\/pages\/1873\/revisions\/2362"}],"up":[{"embeddable":true,"href":"https:\/\/www.seepferde-unna.de\/index.php\/wp-json\/wp\/v2\/pages\/9"}],"wp:attachment":[{"href":"https:\/\/www.seepferde-unna.de\/index.php\/wp-json\/wp\/v2\/media?parent=1873"}],"curies":[{"name":"wp","href":"https:\/\/api.w.org\/{rel}","templated":true}]}}