{"id":1933,"date":"2020-05-26T10:54:45","date_gmt":"2020-05-26T08:54:45","guid":{"rendered":"https:\/\/www.seepferde-unna.de\/?page_id=1933"},"modified":"2020-09-30T13:23:36","modified_gmt":"2020-09-30T11:23:36","slug":"verhaltens-und-hygieneregeln","status":"publish","type":"page","link":"https:\/\/www.seepferde-unna.de\/index.php\/verhaltens-und-hygieneregeln\/","title":{"rendered":"Verhaltens- und Hygieneregeln"},"content":{"rendered":"\n<p>Folgende Verhaltensregeln sind w\u00e4hrend der Anreise und Nutzung der Schwimmhalle strikt einzuhalten:<\/p>\n<p><strong>Bei der Anfahrt zum Hallenbad:<\/strong><\/p>\n<ul>\n<li>Getrennte Anreise bei nichth\u00e4uslichen Gemeinschaften.<\/li>\n<li>Bei Husten, Fieber und\/oder Atemnot als typische Symptome ist fr\u00fchzeitig ein Arzt telefonisch zu kontaktieren, unsere Trainingsm\u00f6glichkeit darf in diesem Fall nicht aufgesucht werden. Auch darf keine Quarant\u00e4nepflicht bestehen. <br \/><br \/><\/li>\n<\/ul>\n<p><strong>\u00a0<\/strong><strong>Im Hallenbad:<\/strong><\/p>\n<ul>\n<li>Die Schwimmsporthalle ist mit Mundschutz zu betreten und dieser Mundschutz ist bis in die Umkleiden zu tragen.<\/li>\n<li>Ein Mindestabstand von 1,5 m ist zwingend einzuhalten.<\/li>\n<li>Die H\u00e4nde sind im Eingangsbereich zu desinfizieren.<\/li>\n<li>Dusch- und WC-Bereiche sind von maximal zwei Personen zeitgleich zu nutzen. Das wird ein sehr kurzes Duschen oder ein sehr kurzes Training, wenn alle 20 Teilnehmer noch duschen wollen. Deshalb bitte wir euch, nach dem Training Zuhause zu duschen.<\/li>\n<li>Je (Sammel-)Umkleide stehen sieben Umkleidepl\u00e4tze zur Verf\u00fcgung. Es ist dabei jedoch zu beachten, dass die Schr\u00e4nke wahrscheinlich NICHT zur Verf\u00fcgung stehen. Bringt also eure Tasche mit ins Bad oder legt eure Sachen VOR einem Schrank ab.<\/li>\n<\/ul>\n<p><strong>Beim Training:<\/strong><\/p>\n<ul>\n<li>Es findet ausschlie\u00dflich ein freies, nicht angeleitetes Training statt.<\/li>\n<li>Die ABC-Ausr\u00fcstung muss au\u00dferhalb der Aktivit\u00e4t sicher in der Tasche verwahrt werden.<\/li>\n<li>Es findet kein \u00fcberlastender Sport statt, d.h. es muss deutlich unterhalb der maximalen Leistungsgrenzen bleiben.<\/li>\n<li>Ein Aufschwimmen und somit ein K\u00f6rperkontakt ist zu vermeiden, ein Abstand von 3 m auf der Bahn solle eingehalten werden.<\/li>\n<li>Ein Aufenthalt an der Start- und Wendebr\u00fccke sollte <strong>minimiert<\/strong> werden und ist nur f\u00fcr eine Person zul\u00e4ssig, da ansonsten der Mindestabstand nicht gew\u00e4hrleistet werden kann.<\/li>\n<li>Partner\u00fcbungen\/Rettungs\u00fcbungen sind untersagt.<\/li>\n<li>Wir werden noch in Abh\u00e4ngigkeit der verf\u00fcgbaren Bahnen eine maximale Teilnehmerzahl pro Trainingsgruppe festlegen, um den Sicherheitsabstand jeweils einhalten zu k\u00f6nnen.<\/li>\n<li>Hierzu sollten vorab Trainingslisten erstellt werden, die die Namen der jeweils Trainierenden enthalten und das jeweilige Zeitfenster des Trainings benennen.<\/li>\n<\/ul>\n","protected":false},"excerpt":{"rendered":"<p>Folgende Verhaltensregeln sind w\u00e4hrend der Anreise und Nutzung der Schwimmhalle strikt einzuhalten: Bei der Anfahrt zum Hallenbad: Getrennte Anreise bei [&hellip;]<\/p>\n","protected":false},"author":1,"featured_media":0,"parent":0,"menu_order":0,"comment_status":"closed","ping_status":"closed","template":"","meta":{"footnotes":""},"class_list":["post-1933","page","type-page","status-publish","hentry"],"_links":{"self":[{"href":"https:\/\/www.seepferde-unna.de\/index.php\/wp-json\/wp\/v2\/pages\/1933","targetHints":{"allow":["GET"]}}],"collection":[{"href":"https:\/\/www.seepferde-unna.de\/index.php\/wp-json\/wp\/v2\/pages"}],"about":[{"href":"https:\/\/www.seepferde-unna.de\/index.php\/wp-json\/wp\/v2\/types\/page"}],"author":[{"embeddable":true,"href":"https:\/\/www.seepferde-unna.de\/index.php\/wp-json\/wp\/v2\/users\/1"}],"replies":[{"embeddable":true,"href":"https:\/\/www.seepferde-unna.de\/index.php\/wp-json\/wp\/v2\/comments?post=1933"}],"version-history":[{"count":4,"href":"https:\/\/www.seepferde-unna.de\/index.php\/wp-json\/wp\/v2\/pages\/1933\/revisions"}],"predecessor-version":[{"id":2073,"href":"https:\/\/www.seepferde-unna.de\/index.php\/wp-json\/wp\/v2\/pages\/1933\/revisions\/2073"}],"wp:attachment":[{"href":"https:\/\/www.seepferde-unna.de\/index.php\/wp-json\/wp\/v2\/media?parent=1933"}],"curies":[{"name":"wp","href":"https:\/\/api.w.org\/{rel}","templated":true}]}}