{"id":3179,"date":"2024-04-01T14:14:29","date_gmt":"2024-04-01T12:14:29","guid":{"rendered":"https:\/\/www.seepferde-unna.de\/?page_id=3179"},"modified":"2024-04-04T21:54:33","modified_gmt":"2024-04-04T19:54:33","slug":"materialverleih","status":"publish","type":"page","link":"https:\/\/www.seepferde-unna.de\/index.php\/der-verein\/materialverleih\/","title":{"rendered":"Materialverleih"},"content":{"rendered":"\n<h3>Du willst tauchen, aber du hast noch keine vollst\u00e4ndige Ausr\u00fcstung?<\/h3>\n<h3>Kein Problem! Die Seepferde verleihen an Vereinsmitglieder alle erforderlichen Ausr\u00fcstungsteile gegen eine geringe Geb\u00fchr.<\/h3>\n<p>&nbsp;<\/p>\n\n\n\n<div class=\"wp-block-columns is-not-stacked-on-mobile is-layout-flex wp-container-core-columns-is-layout-9d6595d7 wp-block-columns-is-layout-flex\">\n<div class=\"wp-block-column is-layout-flow wp-block-column-is-layout-flow\" style=\"flex-basis:40%\">\n<p>Die Ausgabe findet, nur nach Anmeldung, <strong>Mittwochs<\/strong> und <strong>Donnerstags<\/strong> von <strong>18:00 \u2013 19:00<\/strong> Uhr oder nach <strong>Absprache<\/strong> statt.<\/p>\n<p>Die Anmeldung zur Materialausgabe mu\u00df mindestens <strong>eine Woche<\/strong> vor dem Ausleihtermin, nur unter der Email <a href=\"mailto:Materialwarte@seepferde-unna.de\" target=\"_blank\" rel=\"noreferrer noopener\">Materialwarte@seepferde-unna.de<\/a> angefragt werden.<\/p>\n<p>&nbsp;<\/p>\n<p><strong>Es gelten die <\/strong><strong><a href=\"https:\/\/www.seepferde-unna.de\/wp-content\/uploads\/2020\/08\/Verleihbedingungen-200801.pdf\" target=\"_blank\" rel=\"noreferrer noopener\">hier<\/a> hinterlegten Verleihbedingungen<br><\/strong><\/p>\n<p><strong><br><\/strong>Willst du immer auf dem Laufenden bleiben und \u00fcber aktuelles von den Materialwarten informiert werden? &#8211; Dann abboniere den Newletter der Materialwarte <strong><a href=\"https:\/\/www.seepferde-unna.de\/index.php\/materialwarte-newsletter\/\">hier<\/a><\/strong>.&nbsp;<\/p>\n<\/div>\n\n\n\n<div class=\"wp-block-column is-layout-flow wp-block-column-is-layout-flow\" style=\"flex-basis:60%\">\n<p><img loading=\"lazy\" decoding=\"async\" class=\"alignnone  wp-image-3178\" src=\"https:\/\/www.seepferde-unna.de\/wp-content\/uploads\/2024\/04\/Material-2-300x225.jpg\" alt=\"\" width=\"351\" height=\"263\" srcset=\"https:\/\/www.seepferde-unna.de\/wp-content\/uploads\/2024\/04\/Material-2-300x225.jpg 300w, https:\/\/www.seepferde-unna.de\/wp-content\/uploads\/2024\/04\/Material-2-1024x768.jpg 1024w, https:\/\/www.seepferde-unna.de\/wp-content\/uploads\/2024\/04\/Material-2-768x576.jpg 768w, https:\/\/www.seepferde-unna.de\/wp-content\/uploads\/2024\/04\/Material-2-1536x1152.jpg 1536w, https:\/\/www.seepferde-unna.de\/wp-content\/uploads\/2024\/04\/Material-2-2048x1536.jpg 2048w, https:\/\/www.seepferde-unna.de\/wp-content\/uploads\/2024\/04\/Material-2-820x615.jpg 820w, https:\/\/www.seepferde-unna.de\/wp-content\/uploads\/2024\/04\/Material-2-1320x990.jpg 1320w\" sizes=\"auto, (max-width: 351px) 100vw, 351px\" \/><\/p>\n<p><img loading=\"lazy\" decoding=\"async\" class=\"alignnone  wp-image-3177\" src=\"https:\/\/www.seepferde-unna.de\/wp-content\/uploads\/2024\/04\/Material-1-300x225.jpg\" alt=\"\" width=\"349\" height=\"262\" srcset=\"https:\/\/www.seepferde-unna.de\/wp-content\/uploads\/2024\/04\/Material-1-300x225.jpg 300w, https:\/\/www.seepferde-unna.de\/wp-content\/uploads\/2024\/04\/Material-1-1024x768.jpg 1024w, https:\/\/www.seepferde-unna.de\/wp-content\/uploads\/2024\/04\/Material-1-768x576.jpg 768w, https:\/\/www.seepferde-unna.de\/wp-content\/uploads\/2024\/04\/Material-1-1536x1152.jpg 1536w, https:\/\/www.seepferde-unna.de\/wp-content\/uploads\/2024\/04\/Material-1-2048x1536.jpg 2048w, https:\/\/www.seepferde-unna.de\/wp-content\/uploads\/2024\/04\/Material-1-820x615.jpg 820w, https:\/\/www.seepferde-unna.de\/wp-content\/uploads\/2024\/04\/Material-1-1320x990.jpg 1320w\" sizes=\"auto, (max-width: 349px) 100vw, 349px\" \/><\/p>\n<p><img loading=\"lazy\" decoding=\"async\" class=\"alignnone  wp-image-3176\" src=\"https:\/\/www.seepferde-unna.de\/wp-content\/uploads\/2024\/04\/Material-3-300x225.jpg\" alt=\"\" width=\"348\" height=\"261\" srcset=\"https:\/\/www.seepferde-unna.de\/wp-content\/uploads\/2024\/04\/Material-3-300x225.jpg 300w, https:\/\/www.seepferde-unna.de\/wp-content\/uploads\/2024\/04\/Material-3-1024x768.jpg 1024w, https:\/\/www.seepferde-unna.de\/wp-content\/uploads\/2024\/04\/Material-3-768x576.jpg 768w, https:\/\/www.seepferde-unna.de\/wp-content\/uploads\/2024\/04\/Material-3-1536x1152.jpg 1536w, https:\/\/www.seepferde-unna.de\/wp-content\/uploads\/2024\/04\/Material-3-2048x1536.jpg 2048w, https:\/\/www.seepferde-unna.de\/wp-content\/uploads\/2024\/04\/Material-3-820x615.jpg 820w, https:\/\/www.seepferde-unna.de\/wp-content\/uploads\/2024\/04\/Material-3-1320x990.jpg 1320w\" sizes=\"auto, (max-width: 348px) 100vw, 348px\" \/><\/p>\n<\/div>\n<\/div>\n\n\n\n<h3 style=\"text-align: center;\"><strong>Kosten\u00fcbersicht Materialverleih<\/strong><\/h3>\n<table style=\"height: 334px; width: 99.3854%; border-collapse: collapse; border-style: solid;\" cellpadding=\"10px\">\n<tbody>\n<tr style=\"height: 23px;\">\n<td style=\"width: 49.9816%; height: 23px; text-align: right;\"><strong>Artikel<\/strong><\/td>\n<td style=\"width: 262.557%; height: 23px;\"><strong>Kosten (pro 7 Tage)<\/strong><\/td>\n<\/tr>\n<tr style=\"height: 23px;\">\n<td style=\"width: 49.9816%; height: 23px; text-align: right;\">Maske<\/td>\n<td style=\"width: 262.557%; height: 23px;\">0,50 \u20ac<\/td>\n<\/tr>\n<tr style=\"height: 23px;\">\n<td style=\"width: 49.9816%; height: 23px; text-align: right;\">Ger\u00e4teflossen<\/td>\n<td style=\"width: 262.557%; height: 23px;\">0,50 \u20ac<\/td>\n<\/tr>\n<tr style=\"height: 23px;\">\n<td style=\"width: 49.9816%; height: 10px; text-align: right;\">Schnorchel<\/td>\n<td style=\"width: 262.557%; height: 10px;\">0,50 \u20ac<\/td>\n<\/tr>\n<tr style=\"height: 23px;\">\n<td style=\"width: 49.9816%; height: 23px; text-align: right;\">Neoprenanzug<\/td>\n<td style=\"width: 262.557%; height: 23px;\">1,00 \u20ac<\/td>\n<\/tr>\n<tr style=\"height: 25px;\">\n<td style=\"width: 49.9816%; height: 25px; text-align: right;\">Kopfhaube<\/td>\n<td style=\"width: 262.557%; height: 25px;\">0,50 \u20ac<\/td>\n<\/tr>\n<tr style=\"height: 23px;\">\n<td style=\"width: 49.9816%; height: 23px; text-align: right;\">Handschuhe<\/td>\n<td style=\"width: 262.557%; height: 23px;\">0,50 \u20ac<\/td>\n<\/tr>\n<tr style=\"height: 23px;\">\n<td style=\"width: 49.9816%; height: 23px; text-align: right;\">F\u00fc\u00dflinge<\/td>\n<td style=\"width: 262.557%; height: 23px;\">0,50 \u20ac<\/td>\n<\/tr>\n<tr style=\"height: 23px;\">\n<td style=\"width: 49.9816%; height: 23px; text-align: right;\">Atemregler Kaltwasser<\/td>\n<td style=\"width: 262.557%; height: 23px;\">2,00 \u20ac<\/td>\n<\/tr>\n<tr style=\"height: 23px;\">\n<td style=\"width: 49.9816%; height: 23px; text-align: right;\">Flasche ohne F\u00fcllung<\/td>\n<td style=\"width: 262.557%; height: 23px;\">2,00 \u20ac<\/td>\n<\/tr>\n<tr style=\"height: 23px;\">\n<td style=\"width: 49.9816%; height: 23px; text-align: right;\">Flaschenf\u00fcllung pro Flaschenliter<\/td>\n<td style=\"width: 262.557%; height: 23px;\">0,20 \u20ac<\/td>\n<\/tr>\n<tr style=\"height: 23px;\">\n<td style=\"width: 49.9816%; height: 23px; text-align: right;\">Jacket<\/td>\n<td style=\"width: 262.557%; height: 23px;\">2,00 \u20ac<\/td>\n<\/tr>\n<tr style=\"height: 23px;\">\n<td style=\"width: 49.9816%; height: 23px; text-align: right;\">Bleig\u00fcrtel<\/td>\n<td style=\"width: 262.557%; height: 23px;\">0,20 \u20ac<\/td>\n<\/tr>\n<tr style=\"height: 23px;\">\n<td style=\"width: 49.9816%; height: 23px; text-align: right;\">Blei pro kg<\/td>\n<td style=\"width: 262.557%; height: 23px;\">0,20 \u20ac<\/td>\n<\/tr>\n<tr style=\"height: 23px;\">\n<td style=\"width: 49.9816%; height: 23px; text-align: right;\">Tauchcomputer<\/td>\n<td style=\"width: 262.557%; height: 23px;\">2,00 \u20ac<\/td>\n<\/tr>\n<\/tbody>\n<\/table>\n<p style=\"text-align: center;\"><a href=\"https:\/\/www.seepferde-unna.de\/wp-content\/uploads\/2024\/02\/Verleihkosten-240214.pdf\">Download Kosten\u00fcbersicht<\/a><\/p>\n","protected":false},"excerpt":{"rendered":"<p>Du willst tauchen, aber du hast noch keine vollst\u00e4ndige Ausr\u00fcstung? Kein Problem! Die Seepferde verleihen an Vereinsmitglieder alle erforderlichen Ausr\u00fcstungsteile [&hellip;]<\/p>\n","protected":false},"author":1,"featured_media":0,"parent":5,"menu_order":5,"comment_status":"closed","ping_status":"closed","template":"","meta":{"footnotes":""},"class_list":["post-3179","page","type-page","status-publish","hentry"],"_links":{"self":[{"href":"https:\/\/www.seepferde-unna.de\/index.php\/wp-json\/wp\/v2\/pages\/3179","targetHints":{"allow":["GET"]}}],"collection":[{"href":"https:\/\/www.seepferde-unna.de\/index.php\/wp-json\/wp\/v2\/pages"}],"about":[{"href":"https:\/\/www.seepferde-unna.de\/index.php\/wp-json\/wp\/v2\/types\/page"}],"author":[{"embeddable":true,"href":"https:\/\/www.seepferde-unna.de\/index.php\/wp-json\/wp\/v2\/users\/1"}],"replies":[{"embeddable":true,"href":"https:\/\/www.seepferde-unna.de\/index.php\/wp-json\/wp\/v2\/comments?post=3179"}],"version-history":[{"count":25,"href":"https:\/\/www.seepferde-unna.de\/index.php\/wp-json\/wp\/v2\/pages\/3179\/revisions"}],"predecessor-version":[{"id":3282,"href":"https:\/\/www.seepferde-unna.de\/index.php\/wp-json\/wp\/v2\/pages\/3179\/revisions\/3282"}],"up":[{"embeddable":true,"href":"https:\/\/www.seepferde-unna.de\/index.php\/wp-json\/wp\/v2\/pages\/5"}],"wp:attachment":[{"href":"https:\/\/www.seepferde-unna.de\/index.php\/wp-json\/wp\/v2\/media?parent=3179"}],"curies":[{"name":"wp","href":"https:\/\/api.w.org\/{rel}","templated":true}]}}