{"id":362,"date":"2017-02-17T19:26:41","date_gmt":"2017-02-17T18:26:41","guid":{"rendered":"http:\/\/www.seepferde-unna.de\/?page_id=362"},"modified":"2026-02-16T22:42:55","modified_gmt":"2026-02-16T21:42:55","slug":"ausbildungkurse","status":"publish","type":"page","link":"https:\/\/www.seepferde-unna.de\/index.php\/ausbildungtraining\/ausbildungkurse\/","title":{"rendered":"Ausbildung\/Kurse"},"content":{"rendered":"<p><strong>Wir bilden nach weltweit anerkannten Standards des\u00a0VDST\/CMAS aus.<\/strong><\/p>\n<p>Ausbildungsprogramm\u00a0in\u00a0heimischen\u00a0und\u00a0ausl\u00e4ndischen\u00a0Gew\u00e4ssern\u00a0im\u00a0S\u00fc\u00df-\u00a0und\u00a0Salzwasser<br \/>\n<img loading=\"lazy\" decoding=\"async\" class=\"size-medium wp-image-250 alignright\" src=\"https:\/\/www.seepferde-unna.de\/wp-content\/uploads\/2016\/08\/seepferde_maitauchen_klein-300x225.jpg\" alt=\"\" width=\"300\" height=\"225\" srcset=\"https:\/\/www.seepferde-unna.de\/wp-content\/uploads\/2016\/08\/seepferde_maitauchen_klein-300x225.jpg 300w, https:\/\/www.seepferde-unna.de\/wp-content\/uploads\/2016\/08\/seepferde_maitauchen_klein-768x576.jpg 768w, https:\/\/www.seepferde-unna.de\/wp-content\/uploads\/2016\/08\/seepferde_maitauchen_klein.jpg 800w\" sizes=\"auto, (max-width: 300px) 100vw, 300px\" \/><\/p>\n<ul>\n<li>Kinder-Tauchsportabzeichen (KTSA Bronze, Silber und Gold)<\/li>\n<li>Grundtauchschein<\/li>\n<li>Deutsches Tauchsportabzeichen (DTSA*, DTSA** und DTSA***)<\/li>\n<li>DTSA Nitrox*<\/li>\n<li>DTSA Apnoe*<\/li>\n<\/ul>\n<p><b>Aufbau- und Spezialkurse:<\/b><\/p>\n<ul>\n<li>Orientierung beim Tauchen<\/li>\n<li>Gruppenf\u00fchrung<\/li>\n<li>Herz-Lungen-Wiederbelebung mit AED<\/li>\n<li>Medizin Praxis<\/li>\n<li>Nachttauchen<\/li>\n<li>Tauchsicherheit und Rettung<\/li>\n<li>Trockentauchen<\/li>\n<\/ul>\n<p>Weitere Kurse sind nach Absprache m\u00f6glich.<\/p>\n<p><b>Kurspreise<\/b><\/p>\n<p><em>Grundtauchschein und DTSA*\/CMAS*<\/em><br \/>\n300\u20ac &#8211; f\u00fcr Mitglieder der Jugendabteilung 200\u20ac<\/p>\n<p><em>DTSA Apnoe * und **<\/em><\/p>\n<p>160\u20ac &#8211; f\u00fcr Mitglieder der Jugendabteilung 110\u20ac<\/p>\n<p>zus\u00e4tzlich 20\u20ac jeweils f\u00fcr die Online-Brevetierung<\/p>\n<p><em>DTSA**\/CMAS**<\/em><br \/>\nca. 200\u20ac f\u00fcr Abnahmetauchg\u00e4nge, Brevetierung und Theorie + Kosten f\u00fcr Spezial- und Aufbaukurse<\/p>\n<p><em>DTSA***\/CMAS***<\/em><br \/>\nca. 200\u20ac f\u00fcr Abnahmetauchg\u00e4nge, Brevetierung und Theorie + Kosten f\u00fcr Spezial- und Aufbaukurse<\/p>\n<p><em>DTSA Nitrox*\/CMAS Basic Nitrox<\/em><br \/>\n60\u20ac<\/p>\n<p>Wir k\u00f6nnen Leihausr\u00fcstung f\u00fcr die Ausbildung und die Tauchg\u00e4nge zur Verf\u00fcgung stellen. Sprecht uns an oder wendet euch an unsere <a href=\"https:\/\/www.seepferde-unna.de\/index.php\/der-verein\/materialverleih\/\">Materialwarte<\/a>.<\/p>\n<p>Um den Tauchsport aus\u00fcben zu d\u00fcrfen, ist es notwendig, regelm\u00e4\u00dfig eine sogenannte \u201eTauchsport\u00e4rztliche Untersuchung\u201c durchf\u00fchren zu lassen. Insbesondere ist dies nat\u00fcrlich auch Voraussetzung, um mit dem Tauchen \u00fcberhaupt beginnen zu k\u00f6nnen. Diese Untersuchung mu\u00df nach den Richtlinien der Gesellschaft f\u00fcr Tauch- und \u00dcberdruckmedizin e.V. \u2014 GT\u00dcM e.V. erfolgen. Die regelm\u00e4\u00dfige Untersuchung muss einmal j\u00e4hrlich im Alter von 8 bis 14 Jahren sowie ab 40 Jahren erfolgen, im Alter ab 14 bis 40 Jahren reicht ein dreij\u00e4hriger Zwischenraum.<\/p>\n<p><a href=\"https:\/\/www.seepferde-unna.de\/index.php\/downloads\/\"><u>Hier<\/u><\/a>\u00a0kannst Du ein Formular f\u00fcr den Arzt herunterladen.<\/p>\n","protected":false},"excerpt":{"rendered":"<p>Wir bilden nach weltweit anerkannten Standards des\u00a0VDST\/CMAS aus. Ausbildungsprogramm\u00a0in\u00a0heimischen\u00a0und\u00a0ausl\u00e4ndischen\u00a0Gew\u00e4ssern\u00a0im\u00a0S\u00fc\u00df-\u00a0und\u00a0Salzwasser Kinder-Tauchsportabzeichen (KTSA Bronze, Silber und Gold) Grundtauchschein Deutsches Tauchsportabzeichen (DTSA*, DTSA** [&hellip;]<\/p>\n","protected":false},"author":1,"featured_media":0,"parent":7,"menu_order":0,"comment_status":"closed","ping_status":"closed","template":"","meta":{"footnotes":""},"class_list":["post-362","page","type-page","status-publish","hentry"],"_links":{"self":[{"href":"https:\/\/www.seepferde-unna.de\/index.php\/wp-json\/wp\/v2\/pages\/362","targetHints":{"allow":["GET"]}}],"collection":[{"href":"https:\/\/www.seepferde-unna.de\/index.php\/wp-json\/wp\/v2\/pages"}],"about":[{"href":"https:\/\/www.seepferde-unna.de\/index.php\/wp-json\/wp\/v2\/types\/page"}],"author":[{"embeddable":true,"href":"https:\/\/www.seepferde-unna.de\/index.php\/wp-json\/wp\/v2\/users\/1"}],"replies":[{"embeddable":true,"href":"https:\/\/www.seepferde-unna.de\/index.php\/wp-json\/wp\/v2\/comments?post=362"}],"version-history":[{"count":17,"href":"https:\/\/www.seepferde-unna.de\/index.php\/wp-json\/wp\/v2\/pages\/362\/revisions"}],"predecessor-version":[{"id":4001,"href":"https:\/\/www.seepferde-unna.de\/index.php\/wp-json\/wp\/v2\/pages\/362\/revisions\/4001"}],"up":[{"embeddable":true,"href":"https:\/\/www.seepferde-unna.de\/index.php\/wp-json\/wp\/v2\/pages\/7"}],"wp:attachment":[{"href":"https:\/\/www.seepferde-unna.de\/index.php\/wp-json\/wp\/v2\/media?parent=362"}],"curies":[{"name":"wp","href":"https:\/\/api.w.org\/{rel}","templated":true}]}}