{"id":5,"date":"2016-08-10T22:40:52","date_gmt":"2016-08-10T20:40:52","guid":{"rendered":"http:\/\/www.seepferde-unna.de\/?page_id=5"},"modified":"2024-02-04T21:05:24","modified_gmt":"2024-02-04T20:05:24","slug":"der-verein","status":"publish","type":"page","link":"https:\/\/www.seepferde-unna.de\/index.php\/der-verein\/","title":{"rendered":"Der Verein"},"content":{"rendered":"<p><img loading=\"lazy\" decoding=\"async\" class=\"size-medium wp-image-206 alignright\" src=\"https:\/\/www.seepferde-unna.de\/wp-content\/uploads\/2017\/02\/IMG_0884-300x225.jpg\" alt=\"img_0884\" width=\"300\" height=\"225\" srcset=\"https:\/\/www.seepferde-unna.de\/wp-content\/uploads\/2017\/02\/IMG_0884-300x225.jpg 300w, https:\/\/www.seepferde-unna.de\/wp-content\/uploads\/2017\/02\/IMG_0884-768x576.jpg 768w, https:\/\/www.seepferde-unna.de\/wp-content\/uploads\/2017\/02\/IMG_0884-1024x768.jpg 1024w, https:\/\/www.seepferde-unna.de\/wp-content\/uploads\/2017\/02\/IMG_0884-820x615.jpg 820w\" sizes=\"auto, (max-width: 300px) 100vw, 300px\" \/>Die Seepferde Unna e.V. blicken schon auf eine recht lange Historie zur\u00fcck.<\/p>\n<p>Bereits am 20. Februar 1993 wurden wir als Verein unter dem Namen \u201eWassersportkameradschaft 7. Westf\u00e4lische Panzerdivision\u201c durch Sportler des Divisionsstabes aus Unna gegr\u00fcndet.<\/p>\n<p>Am 15. Dezember 1993 wurden wir als eingetragener Verein (e.V.) anerkannt und seit dem 1. Mai 1994 sind wir Mitglied im Verband Deutscher Sporttaucher (VDST) e.V.<\/p>\n<p>Am 31. M\u00e4rz 2000 haben wir unseren Namen dann auf \u201eSeepferde Unna e.V\u201c ge\u00e4ndert.<\/p>\n<p><img loading=\"lazy\" decoding=\"async\" class=\"size-medium wp-image-389 alignleft\" src=\"https:\/\/www.seepferde-unna.de\/wp-content\/uploads\/2017\/02\/IMG_3558_klein-300x225.jpg\" alt=\"\" width=\"300\" height=\"225\" srcset=\"https:\/\/www.seepferde-unna.de\/wp-content\/uploads\/2017\/02\/IMG_3558_klein-300x225.jpg 300w, https:\/\/www.seepferde-unna.de\/wp-content\/uploads\/2017\/02\/IMG_3558_klein-768x576.jpg 768w, https:\/\/www.seepferde-unna.de\/wp-content\/uploads\/2017\/02\/IMG_3558_klein-820x615.jpg 820w, https:\/\/www.seepferde-unna.de\/wp-content\/uploads\/2017\/02\/IMG_3558_klein.jpg 1000w\" sizes=\"auto, (max-width: 300px) 100vw, 300px\" \/>Unseren \u00fcber 200 Mitgliedern bieten wir dreimal in der Woche Trainingszeiten, tolle Vereinsfahrten in das In- und Ausland und gute Aus- und Weiterbildungsm\u00f6glichkeiten. Schau Dir dazu einfach unsere Rubriken\u00a0<a href=\"https:\/\/www.seepferde-unna.de\/index.php\/ausbildungtraining\/\">Ausbildung\/Training<\/a>\u00a0 und\u00a0<a href=\"https:\/\/www.seepferde-unna.de\/index.php\/vereinsveranstaltungen\/\">Vereinsveranstaltungen<\/a>\u00a0an.<\/p>\n<p>Eine direkte Mitarbeit an der Gestaltung des Vereinslebens ist dabei ausdr\u00fccklich gew\u00fcnscht. Auch durch unsere j\u00fcngeren Mitglieder. Dar\u00fcber hinaus bieten wir Aktivit\u00e4ten f\u00fcr die ganze Familie, auch f\u00fcr Nichttaucher. Neben gemeinsamen Vereinsfahrten wie bspw. Kanufahrten, Klettern, Rafting, finden auch Abnahmen von Schwimmsportabzeichen statt. Das gemeinsame Sommerfest und auch die\u00a0\u00a0gemeinsame Weihnachtsfeier sind inzwischen fester Bestandteil unseres Vereinslebens.<\/p>\n<p>Die Angebote unserer\u00a0<a href=\"https:\/\/www.seepferde-unna.de\/index.php\/2023\/11\/09\/jahresplanung-2024\/\">Jahresplanung<\/a>\u00a0zeigen Dir das vielseitige Programm der Seepferde.<\/p>\n<p><img loading=\"lazy\" decoding=\"async\" class=\"alignright size-medium wp-image-391\" src=\"https:\/\/www.seepferde-unna.de\/wp-content\/uploads\/2017\/02\/IMG_3577-300x225.jpg\" alt=\"\" width=\"300\" height=\"225\" srcset=\"https:\/\/www.seepferde-unna.de\/wp-content\/uploads\/2017\/02\/IMG_3577-300x225.jpg 300w, https:\/\/www.seepferde-unna.de\/wp-content\/uploads\/2017\/02\/IMG_3577-768x576.jpg 768w, https:\/\/www.seepferde-unna.de\/wp-content\/uploads\/2017\/02\/IMG_3577-1024x768.jpg 1024w, https:\/\/www.seepferde-unna.de\/wp-content\/uploads\/2017\/02\/IMG_3577-820x615.jpg 820w, https:\/\/www.seepferde-unna.de\/wp-content\/uploads\/2017\/02\/IMG_3577.jpg 1280w\" sizes=\"auto, (max-width: 300px) 100vw, 300px\" \/>Als Mitglied der Seepferde sind bereits folgende Leistungen im Mitgliedbeitrag\u00a0enthalten:<\/p>\n<ul>\n<li><strong>Versicherungsschutz<\/strong>\u00a0bei Tauchunf\u00e4llen mit Betreuung durch erfahrene VDST-Tauchmediziner<\/li>\n<li>100% \u00dcbernahme aller Kosten weltweit f\u00fcr\u00a0<strong>Behandlungen\u00a0in\u00a0der\u00a0Druckkammer<\/strong>. Zus\u00e4tzlich erhalten Sie Unterkunfts-\/Reisekosten, wenn es medizinisch erforderlich ist.<\/li>\n<li><strong>Haftpflichtversicherung<\/strong>\u00a0f\u00fcr Sch\u00e4den, die Sie anderen bei Aus\u00fcbung des Tauchsports zuf\u00fcgen<\/li>\n<li><strong>Rechtschutzversicherung<\/strong>\u00a0f\u00fcr Streitigkeiten, die bei Tauchsportunf\u00e4llen entstanden sind.<\/li>\n<li><strong>Auslandsreisekrankenversicherung<\/strong>\u00a0f\u00fcr alle Erkrankungen oder Unf\u00e4lle im Ausland. Im Notfall organisieren wir auch einen R\u00fccktransport ins Heimatland, denn medizinisch notwendige Transporte sind ebenfalls inklusive.<\/li>\n<\/ul>\n<p><strong>Die Seepferde Unna sind \u00fcbrigens Mitglied im<\/strong><\/p>\n<ul>\n<li>Verband Deutscher Sporttaucher (VDST)<\/li>\n<li>Tauchsportverband NRW<\/li>\n<li>Conf\u00e9rd\u00e9ration Mondial des activit\u00e9s subaquatics (CMAS)<\/li>\n<li>Landessportbund NRW<\/li>\n<li>Kreissportbund Unna<\/li>\n<li>Stadtsportverband Unna<\/li>\n<\/ul>\n","protected":false},"excerpt":{"rendered":"<p>Die Seepferde Unna e.V. blicken schon auf eine recht lange Historie zur\u00fcck. Bereits am 20. Februar 1993 wurden wir als [&hellip;]<\/p>\n","protected":false},"author":1,"featured_media":0,"parent":0,"menu_order":2,"comment_status":"closed","ping_status":"closed","template":"","meta":{"footnotes":""},"class_list":["post-5","page","type-page","status-publish","hentry"],"_links":{"self":[{"href":"https:\/\/www.seepferde-unna.de\/index.php\/wp-json\/wp\/v2\/pages\/5","targetHints":{"allow":["GET"]}}],"collection":[{"href":"https:\/\/www.seepferde-unna.de\/index.php\/wp-json\/wp\/v2\/pages"}],"about":[{"href":"https:\/\/www.seepferde-unna.de\/index.php\/wp-json\/wp\/v2\/types\/page"}],"author":[{"embeddable":true,"href":"https:\/\/www.seepferde-unna.de\/index.php\/wp-json\/wp\/v2\/users\/1"}],"replies":[{"embeddable":true,"href":"https:\/\/www.seepferde-unna.de\/index.php\/wp-json\/wp\/v2\/comments?post=5"}],"version-history":[{"count":8,"href":"https:\/\/www.seepferde-unna.de\/index.php\/wp-json\/wp\/v2\/pages\/5\/revisions"}],"predecessor-version":[{"id":2979,"href":"https:\/\/www.seepferde-unna.de\/index.php\/wp-json\/wp\/v2\/pages\/5\/revisions\/2979"}],"wp:attachment":[{"href":"https:\/\/www.seepferde-unna.de\/index.php\/wp-json\/wp\/v2\/media?parent=5"}],"curies":[{"name":"wp","href":"https:\/\/api.w.org\/{rel}","templated":true}]}}