{"id":7,"date":"2016-08-10T22:41:13","date_gmt":"2016-08-10T20:41:13","guid":{"rendered":"http:\/\/www.seepferde-unna.de\/?page_id=7"},"modified":"2017-02-17T22:13:08","modified_gmt":"2017-02-17T21:13:08","slug":"ausbildungtraining","status":"publish","type":"page","link":"https:\/\/www.seepferde-unna.de\/index.php\/ausbildungtraining\/","title":{"rendered":"Ausbildung\/Training"},"content":{"rendered":"<p><img loading=\"lazy\" decoding=\"async\" class=\"size-medium wp-image-369 alignright\" src=\"https:\/\/www.seepferde-unna.de\/wp-content\/uploads\/2017\/02\/146_klein-300x200.jpg\" alt=\"\" width=\"300\" height=\"200\" srcset=\"https:\/\/www.seepferde-unna.de\/wp-content\/uploads\/2017\/02\/146_klein-300x200.jpg 300w, https:\/\/www.seepferde-unna.de\/wp-content\/uploads\/2017\/02\/146_klein-768x512.jpg 768w, https:\/\/www.seepferde-unna.de\/wp-content\/uploads\/2017\/02\/146_klein-600x400.jpg 600w, https:\/\/www.seepferde-unna.de\/wp-content\/uploads\/2017\/02\/146_klein-820x547.jpg 820w, https:\/\/www.seepferde-unna.de\/wp-content\/uploads\/2017\/02\/146_klein.jpg 1000w\" sizes=\"auto, (max-width: 300px) 100vw, 300px\" \/><strong>Trainingsort: Schwimmsporthalle Unna<\/strong><br \/>\nBergenkamp 7,\u00a059425 Unna<br \/>\nTel.: 02303\/65622<br \/>\n(innerhalb der Sommer- und Weihnachtsferien kein Training)<\/p>\n<p>&nbsp;<\/p>\n<p>&nbsp;<\/p>\n<p>&nbsp;<\/p>\n<p><strong>Mittwochs<\/strong><br \/>\n19.00 bis 20.00 Uhr<br \/>\nFlossen-\/Tauchtraining allgemein f\u00fcr Kinder \/ Jugendliche 8 -17 Jahre<\/p>\n<p>20.00 bis 21.30 Uhr<br \/>\nFlossen-\/Tauchtraining allgemein f\u00fcr Erwachsene \/ Jugendliche<\/p>\n<p>20.00 bis 21.30 Uhr<br \/>\nGer\u00e4teausbildung (GTS) f\u00fcr Erwachsene \/ Jugendliche<\/p>\n<hr \/>\n<p><strong>Donnerstags<\/strong><br \/>\n19.00 bis 20.00 Uhr<br \/>\nFlossen-\/Tauchtraining f\u00fcr Erwachsene \/ Jugendliche, jeden 1. Donnerstag &#8211; Ger\u00e4tetrainingstag<\/p>\n<p>20.00 bis 21.30 Uhr<br \/>\nGer\u00e4tetraining\u00a0\/ UW-Rugby<\/p>\n<hr \/>\n<p><strong>Freitags<\/strong><br \/>\n20.30 bis 22.00 Uhr<br \/>\nFlossen-\/Tauchtraining allgemein f\u00fcr alle Altersgruppen<\/p>\n<p>20.30 bis 22.00 Uhr<br \/>\nGer\u00e4teausbildung (GTS) f\u00fcr Erwachsene \/ Jugendliche<\/p>\n<p>&nbsp;<\/p>\n<p><strong>Wir bilden nach weltweit anerkannten Standards des\u00a0VDST\/CMAS aus.<\/strong><\/p>\n<p>Ausbildungsprogramm\u00a0in\u00a0heimischen\u00a0und\u00a0ausl\u00e4ndischen\u00a0Gew\u00e4ssern\u00a0im\u00a0S\u00fc\u00df-\u00a0und\u00a0Salzwasser<\/p>\n<ul>\n<li>Kinder-Tauchsportabzeichen (KTSA Bronze, Silber und Gold)<\/li>\n<li>Grundtauchschein<\/li>\n<li>Deutsches Tauchsportabzeichen (DTSA*, DTSA** und DTSA***)<\/li>\n<li>DTSA Nitrox*<\/li>\n<li>DTSA Apnoe*<\/li>\n<\/ul>\n<p><b>Spezialkurse:<\/b><\/p>\n<ul>\n<li>Orientierung beim Tauchen<\/li>\n<li>Gruppenf\u00fchrung<\/li>\n<li>Herz-Lungen-Wiederbelebung mit AED<\/li>\n<li>Nachttauchen<\/li>\n<li>Tauchsicherheit und Rettung<\/li>\n<li>Trockentauchen<\/li>\n<\/ul>\n<p>Weitere Kurse sind nach Absprache m\u00f6glich.<\/p>\n<p>Wir k\u00f6nnen Leihausr\u00fcstung f\u00fcr die Ausbildung und die Tauchg\u00e4nge zur Verf\u00fcgung stellen.<\/p>\n<p>&nbsp;<\/p>\n<h2>Tauchkurse und Sonderkurse<\/h2>\n<p><strong>Grundtauchschein<\/strong> (Theorie + Praxis inkl. Beurkundung)<br \/>\n70,00 EUR (Preis f\u00fcr Vereinsmitglieder!)<\/p>\n<p><strong>DTSA* \/ CMAS* (T*)<\/strong> (5 Praxistauchg\u00e4nge im Freiwasser inkl. Beurkundung)<br \/>\n100,00 EUR (Preis f\u00fcr Vereinsmitglieder!)<\/p>\n<p><strong>DTSA** \/ *** \/ CMAS**\/***<\/strong><br \/>\ngem. Ausschreibung<\/p>\n<p><strong>DTSA Nitrox*<\/strong> (Theorie + Praxis inkl. Beurkundung)<br \/>\n60,00 EUR (Preis f\u00fcr Vereinsmitglieder!)<\/p>\n<p><strong>Spezialkurs Orientierung<\/strong> inkl. Beurkundung<br \/>\n50,00 EUR (Preis f\u00fcr Vereinsmitglieder)<\/p>\n<p><strong>Spezialkurs Gruppenf\u00fchrung<\/strong> inkl. Beurkundung<br \/>\n50,00 EUR (Preis f\u00fcr Vereinsmitglieder)<\/p>\n<p><strong>Spezialkurs Nachttauchen<\/strong> inkl. Beurkundung<br \/>\n30,00 EUR (Preis f\u00fcr Vereinsmitglieder)<\/p>\n<p><strong>Spezialkurs S\u00fc\u00dfwasserbiologie<\/strong> inkl. Beurkundung exkl. Zusatzkosten (siehe Ausschreibung)<br \/>\n60,00 EUR<\/p>\n<p><strong>Spezialkurs Wracktauchen<\/strong><br \/>\ngem. Ausschreibung<\/p>\n","protected":false},"excerpt":{"rendered":"<p>Trainingsort: Schwimmsporthalle Unna Bergenkamp 7,\u00a059425 Unna Tel.: 02303\/65622 (innerhalb der Sommer- und Weihnachtsferien kein Training) &nbsp; &nbsp; &nbsp; Mittwochs 19.00 [&hellip;]<\/p>\n","protected":false},"author":1,"featured_media":0,"parent":0,"menu_order":3,"comment_status":"closed","ping_status":"closed","template":"","meta":{"footnotes":""},"class_list":["post-7","page","type-page","status-publish","hentry"],"_links":{"self":[{"href":"https:\/\/www.seepferde-unna.de\/index.php\/wp-json\/wp\/v2\/pages\/7","targetHints":{"allow":["GET"]}}],"collection":[{"href":"https:\/\/www.seepferde-unna.de\/index.php\/wp-json\/wp\/v2\/pages"}],"about":[{"href":"https:\/\/www.seepferde-unna.de\/index.php\/wp-json\/wp\/v2\/types\/page"}],"author":[{"embeddable":true,"href":"https:\/\/www.seepferde-unna.de\/index.php\/wp-json\/wp\/v2\/users\/1"}],"replies":[{"embeddable":true,"href":"https:\/\/www.seepferde-unna.de\/index.php\/wp-json\/wp\/v2\/comments?post=7"}],"version-history":[{"count":19,"href":"https:\/\/www.seepferde-unna.de\/index.php\/wp-json\/wp\/v2\/pages\/7\/revisions"}],"predecessor-version":[{"id":418,"href":"https:\/\/www.seepferde-unna.de\/index.php\/wp-json\/wp\/v2\/pages\/7\/revisions\/418"}],"wp:attachment":[{"href":"https:\/\/www.seepferde-unna.de\/index.php\/wp-json\/wp\/v2\/media?parent=7"}],"curies":[{"name":"wp","href":"https:\/\/api.w.org\/{rel}","templated":true}]}}