{"id":930,"date":"2018-11-05T08:41:23","date_gmt":"2018-11-05T07:41:23","guid":{"rendered":"https:\/\/www.seepferde-unna.de\/?page_id=930"},"modified":"2018-11-30T20:08:19","modified_gmt":"2018-11-30T19:08:19","slug":"newsletter","status":"publish","type":"page","link":"https:\/\/www.seepferde-unna.de\/index.php\/newsletter\/","title":{"rendered":"Newsletter Anmeldung"},"content":{"rendered":"<p>NUR Vereinsmitglieder k\u00f6nnen den Newsletter abonnieren, um dich zu erkennen ist neben deiner E-Mail-Adresse, deine VDST Passnummer und dein Name und Vorname notwendig.<\/p>\n  \n  \n  <div class=\"\n    mailpoet_form_popup_overlay\n      \"><\/div>\n  <div\n    id=\"mailpoet_form_1\"\n    class=\"\n      mailpoet_form\n      mailpoet_form_shortcode\n      mailpoet_form_position_\n      mailpoet_form_animation_\n    \"\n      >\n\n    <style type=\"text\/css\">\n     #mailpoet_form_1 .mailpoet_form {  }\n#mailpoet_form_1 .mailpoet_paragraph { line-height: 20px; }\n#mailpoet_form_1 .mailpoet_segment_label, #mailpoet_form_1 .mailpoet_text_label, #mailpoet_form_1 .mailpoet_textarea_label, #mailpoet_form_1 .mailpoet_select_label, #mailpoet_form_1 .mailpoet_radio_label, #mailpoet_form_1 .mailpoet_checkbox_label, #mailpoet_form_1 .mailpoet_list_label, #mailpoet_form_1 .mailpoet_date_label { display: block; font-weight: bold; }\n#mailpoet_form_1 .mailpoet_text, #mailpoet_form_1 .mailpoet_textarea, #mailpoet_form_1 .mailpoet_select, #mailpoet_form_1 .mailpoet_date_month, #mailpoet_form_1 .mailpoet_date_day, #mailpoet_form_1 .mailpoet_date_year, #mailpoet_form_1 .mailpoet_date { display: block; }\n#mailpoet_form_1 .mailpoet_text, #mailpoet_form_1 .mailpoet_textarea { width: 300px; }\n#mailpoet_form_1 .mailpoet_checkbox {  }\n#mailpoet_form_1 .mailpoet_submit input {  }\n#mailpoet_form_1 .mailpoet_divider {  }\n#mailpoet_form_1 .mailpoet_message {  }\n#mailpoet_form_1 .mailpoet_validate_success { color: #468847; }\n#mailpoet_form_1 .mailpoet_validate_error { color: #b94a48; }#mailpoet_form_1{;}#mailpoet_form_1 .mailpoet_message {margin: 0; padding: 0 20px;}#mailpoet_form_1 .mailpoet_paragraph.last {margin-bottom: 0} @media (max-width: 500px) {#mailpoet_form_1 {background-image: none;}} @media (min-width: 500px) {#mailpoet_form_1 .last .mailpoet_paragraph:last-child {margin-bottom: 0}}  @media (max-width: 500px) {#mailpoet_form_1 .mailpoet_form_column:last-child .mailpoet_paragraph:last-child {margin-bottom: 0}} \n    <\/style>\n\n    <form\n      target=\"_self\"\n      method=\"post\"\n      action=\"https:\/\/www.seepferde-unna.de\/wp-admin\/admin-post.php?action=mailpoet_subscription_form\"\n      class=\"mailpoet_form mailpoet_form_form mailpoet_form_shortcode\"\n      novalidate\n      data-delay=\"\"\n      data-exit-intent-enabled=\"\"\n      data-font-family=\"\"\n      data-cookie-expiration-time=\"\"\n    >\n      <input type=\"hidden\" name=\"data[form_id]\" value=\"1\" \/>\n      <input type=\"hidden\" name=\"token\" value=\"334e371d97\" \/>\n      <input type=\"hidden\" name=\"api_version\" value=\"v1\" \/>\n      <input type=\"hidden\" name=\"endpoint\" value=\"subscribers\" \/>\n      <input type=\"hidden\" name=\"mailpoet_method\" value=\"subscribe\" \/>\n\n      <label class=\"mailpoet_hp_email_label\" style=\"display: none !important;\">Bitte dieses Feld leer lassen<input type=\"email\" name=\"data[email]\"\/><\/label><div class=\"mailpoet_paragraph\"><label for=\"form_last_name_1\" class=\"mailpoet_text_label\"  data-automation-id=\"form_last_name_label\" >Nachname&nbsp;<span class=\"mailpoet_required\" aria-hidden=\"true\">*<\/span><\/label><input type=\"text\" autocomplete=\"family-name\" class=\"mailpoet_text\" id=\"form_last_name_1\" name=\"data[form_field_ZmRjODUwZGM2NDExX2xhc3RfbmFtZQ==]\" title=\"Nachname\" value=\"\" data-automation-id=\"form_last_name\" data-parsley-errors-container=\".mailpoet_error_1outw\" data-parsley-names='[&quot;Bitte gib einen g\u00fcltigen Namen an.&quot;,&quot;Adressen in Namen sind nicht erlaubt, bitte f\u00fcge stattdessen deinen Namen hinzu.&quot;]' data-parsley-required=\"true\" required aria-required=\"true\" data-parsley-required-message=\"Dieses Feld wird ben\u00f6tigt.\"\/><span class=\"mailpoet_error_1outw\"><\/span><\/div>\n<div class=\"mailpoet_paragraph\"><label for=\"form_first_name_1\" class=\"mailpoet_text_label\"  data-automation-id=\"form_first_name_label\" >Vorname&nbsp;<span class=\"mailpoet_required\" aria-hidden=\"true\">*<\/span><\/label><input type=\"text\" autocomplete=\"given-name\" class=\"mailpoet_text\" id=\"form_first_name_1\" name=\"data[form_field_OGUxZTYyY2I4NDJjX2ZpcnN0X25hbWU=]\" title=\"Vorname\" value=\"\" data-automation-id=\"form_first_name\" data-parsley-errors-container=\".mailpoet_error_1m46p\" data-parsley-names='[&quot;Bitte gib einen g\u00fcltigen Namen an.&quot;,&quot;Adressen in Namen sind nicht erlaubt, bitte f\u00fcge stattdessen deinen Namen hinzu.&quot;]' data-parsley-required=\"true\" required aria-required=\"true\" data-parsley-required-message=\"Dieses Feld wird ben\u00f6tigt.\"\/><span class=\"mailpoet_error_1m46p\"><\/span><\/div>\n<div class=\"mailpoet_paragraph\"><label for=\"form_email_1\" class=\"mailpoet_text_label\"  data-automation-id=\"form_email_label\" >E-Mail&nbsp;<span class=\"mailpoet_required\" aria-hidden=\"true\">*<\/span><\/label><input type=\"email\" autocomplete=\"email\" class=\"mailpoet_text\" id=\"form_email_1\" name=\"data[form_field_NDdkZjhmZmQ0NTNlX2VtYWls]\" title=\"E-Mail\" value=\"\" data-automation-id=\"form_email\" data-parsley-errors-container=\".mailpoet_error_cy212\" data-parsley-required=\"true\" required aria-required=\"true\" data-parsley-minlength=\"6\" data-parsley-maxlength=\"150\" data-parsley-type-message=\"Dieser Wert sollte eine g\u00fcltige E-Mail-Adresse sein.\" data-parsley-required-message=\"Dieses Feld wird ben\u00f6tigt.\"\/><span class=\"mailpoet_error_cy212\"><\/span><\/div>\n<div class=\"mailpoet_paragraph\"><label for=\"form_3_1\" class=\"mailpoet_text_label\" >Passnummer (wenn zur Hand)<\/label><input type=\"text\" autocomplete=\"on\" class=\"mailpoet_text\" id=\"form_3_1\" name=\"data[cf_3]\" title=\"Passnummer (wenn zur Hand)\" value=\"\"  data-parsley-errors-container=\".mailpoet_error_h4ct9\" data-parsley-type=\"number\" data-parsley-error-message=\"Dieser Wert sollte eine g\u00fcltige Zahl sein.\"\/><span class=\"mailpoet_error_h4ct9\"><\/span><\/div>\n<div class='mailpoet_spacer' style='height: 1px;'><div class='mailpoet_divider' data-automation-id='form_divider' style='border-top-style: solid;border-top-width: 1px;border-top-color: black;height: 1px;width: 100%'><\/div><\/div>\n<div class=\"mailpoet_paragraph\" >Informationsversand per Newsletter<br \/>\r\nE-Mails werden nur mit einer ausdr\u00fccklichen Einwilligung der Nutzer versendet. Die Nutzer k\u00f6nnen dem Empfang der Newsletter jederzeit widersprechen. Eine Widerspruchsm\u00f6glichkeit findet sich u.a. in jeder E-Mail. Wir m\u00fcssen die Anmeldungen protokollieren, um eine ordnungsgem\u00e4\u00dfe Anmeldung nachweisen zu k\u00f6nnen. Dazu speichern wir im Rahmen der Anmeldung den Anmelde- sowie den Best\u00e4tigungszeitpunkt und die IP-Adresse der Nutzer.<\/div>\n<div class=\"mailpoet_paragraph\"><input type=\"submit\" class=\"mailpoet_submit\" value=\"Seepferde Newsletter - Abonnieren!\" data-automation-id=\"subscribe-submit-button\" style=\"border-color:transparent;\" \/><span class=\"mailpoet_form_loading\"><span class=\"mailpoet_bounce1\"><\/span><span class=\"mailpoet_bounce2\"><\/span><span class=\"mailpoet_bounce3\"><\/span><\/span><\/div>\n\n      <div class=\"mailpoet_message\">\n        <p class=\"mailpoet_validate_success\"\n                style=\"display:none;\"\n                >Pr\u00fcfe deinen Posteingang oder Spam-Ordner, um dein Abonnement zu best\u00e4tigen.\n        <\/p>\n        <p class=\"mailpoet_validate_error\"\n                style=\"display:none;\"\n                >        <\/p>\n      <\/div>\n    <\/form>\n\n      <\/div>\n\n  \n<hr \/>\n<div class=\"icon_description\">\n<div class=\"feature-title\"><strong>Datenschutzhinweise<\/strong><\/div>\n<div class=\"icon_description_text\">\n<p>Ihre Anfrage wird verschl\u00fcsselt per https an unseren Server geschickt. Wir werden Ihre Angaben nur f\u00fcr den Newsletter verwenden. Hier finden Sie unsere\u00a0<a href=\"https:\/\/www.seepferde-unna.de\/index.php\/datenschutzerklaerung\/\">Datenschutzerkl\u00e4rung und Widerrufhinweise<\/a>.<\/p>\n<\/div>\n<\/div>\n","protected":false},"excerpt":{"rendered":"<p>NUR Vereinsmitglieder k\u00f6nnen den Newsletter abonnieren, um dich zu erkennen ist neben deiner E-Mail-Adresse, deine VDST Passnummer und dein Name [&hellip;]<\/p>\n","protected":false},"author":1,"featured_media":0,"parent":0,"menu_order":0,"comment_status":"closed","ping_status":"closed","template":"","meta":{"footnotes":""},"class_list":["post-930","page","type-page","status-publish","hentry"],"_links":{"self":[{"href":"https:\/\/www.seepferde-unna.de\/index.php\/wp-json\/wp\/v2\/pages\/930","targetHints":{"allow":["GET"]}}],"collection":[{"href":"https:\/\/www.seepferde-unna.de\/index.php\/wp-json\/wp\/v2\/pages"}],"about":[{"href":"https:\/\/www.seepferde-unna.de\/index.php\/wp-json\/wp\/v2\/types\/page"}],"author":[{"embeddable":true,"href":"https:\/\/www.seepferde-unna.de\/index.php\/wp-json\/wp\/v2\/users\/1"}],"replies":[{"embeddable":true,"href":"https:\/\/www.seepferde-unna.de\/index.php\/wp-json\/wp\/v2\/comments?post=930"}],"version-history":[{"count":18,"href":"https:\/\/www.seepferde-unna.de\/index.php\/wp-json\/wp\/v2\/pages\/930\/revisions"}],"predecessor-version":[{"id":1001,"href":"https:\/\/www.seepferde-unna.de\/index.php\/wp-json\/wp\/v2\/pages\/930\/revisions\/1001"}],"wp:attachment":[{"href":"https:\/\/www.seepferde-unna.de\/index.php\/wp-json\/wp\/v2\/media?parent=930"}],"curies":[{"name":"wp","href":"https:\/\/api.w.org\/{rel}","templated":true}]}}